{"id":632,"date":"2023-08-27T11:42:45","date_gmt":"2023-08-27T14:42:45","guid":{"rendered":"https:\/\/midiafort.com.br\/?page_id=632"},"modified":"2023-08-27T12:24:08","modified_gmt":"2023-08-27T15:24:08","slug":"empresa","status":"publish","type":"page","link":"https:\/\/midiafort.com.br\/?page_id=632","title":{"rendered":"Empresa"},"content":{"rendered":"<section class=\"wpb-content-wrapper\"><p>[vc_row][vc_column][vc_text_separator title=&#8221;A EMPRESA&#8221; border_width=&#8221;10&#8243; el_class=&#8221;.vc_separator_align_center h4{ font-size: 50px }&#8221;][\/vc_column][\/vc_row][vc_row][vc_column][vc_column_text]<strong>Nenhum de N\u00f3s \u00e9 T\u00e3o Bom Quanto Todos N\u00f3s Juntos!<\/strong><\/p>\n<p>Estamos iniciando um novo tempo na comunica\u00e7\u00e3o globalizada, aonde empresas e pessoas se misturam ao jornalismo e suas regras e, nas redes sociais, trabalham no infinito mundo sem regras, levando a informa\u00e7\u00e3o e contrainforma\u00e7\u00e3o.<\/p>\n<p>Esse novo mundo da comunica\u00e7\u00e3o existe, est\u00e1 rodando r\u00e1pido e precisa de aten\u00e7\u00e3o e respostas imediatas.<\/p>\n<p>Preocupados com essa din\u00e2mica imposta aos profissionais da comunica\u00e7\u00e3o, n\u00f3s da MidiaFort estamos propondo uma parceria com voc\u00ea para cuidar de sua imagem, ideias e neg\u00f3cios, nas Redes Sociais e nos diversos ve\u00edculos de comunica\u00e7\u00e3o, que movimenta pessoas, criam relacionamentos e emitem opini\u00f5es.<\/p>\n<p>Trabalhamos com Publicidade, Propaganda, Design, Assessoria de Imprensa, Rela\u00e7\u00f5es P\u00fablicas, Consultoria, Monitoramento e An\u00e1lise de M\u00eddia, Marketing, Web e Produ\u00e7\u00e3o de Conte\u00fado.<\/p>\n<p>Nossa equipe \u00e9 ousada, dedicada, pensa grande e n\u00e3o tem limites para alcan\u00e7ar o objetivo de satisfa\u00e7\u00e3o do cliente.<\/p>\n<p>Nossa proposta \u00e9 levar o melhor para o seu p\u00fablico.<\/p>\n<p><strong>Seja bem-vindo \u00e0 Ag\u00eancia M\u00eddia Fort.<\/strong><br \/>\nAqui voc\u00ea, seu produto e sua marca s\u00f3 tem a ganhar![\/vc_column_text][\/vc_column][\/vc_row]<\/p>\n<\/section>","protected":false},"excerpt":{"rendered":"<p>[vc_row][vc_column][vc_text_separator title=&#8221;A EMPRESA&#8221; border_width=&#8221;10&#8243; el_class=&#8221;.vc_separator_align_center h4{ font-size: 50px }&#8221;][\/vc_column][\/vc_row][vc_row][vc_column][vc_column_text]Nenhum de N\u00f3s \u00e9 T\u00e3o Bom Quanto Todos N\u00f3s Juntos! Estamos iniciando um novo tempo na comunica\u00e7\u00e3o globalizada, aonde empresas e pessoas se misturam ao jornalismo e suas regras e, nas redes sociais, trabalham no infinito mundo sem regras, levando a informa\u00e7\u00e3o e contrainforma\u00e7\u00e3o. Esse novo mundo [&hellip;]<\/p>\n","protected":false},"author":1,"featured_media":0,"parent":0,"menu_order":0,"comment_status":"closed","ping_status":"closed","template":"","meta":{"om_disable_all_campaigns":false,"_monsterinsights_skip_tracking":false,"_monsterinsights_sitenote_active":false,"_monsterinsights_sitenote_note":"","_monsterinsights_sitenote_category":0,"footnotes":""},"class_list":["post-632","page","type-page","status-publish","hentry"],"aioseo_notices":[],"yoast_head":"<!-- This site is optimized with the Yoast SEO plugin v21.0 - https:\/\/yoast.com\/wordpress\/plugins\/seo\/ -->\n<title>Empresa -<\/title>\n<meta name=\"robots\" content=\"index, follow, max-snippet:-1, max-image-preview:large, max-video-preview:-1\" \/>\n<link rel=\"canonical\" href=\"https:\/\/midiafort.com.br\/?page_id=632\" \/>\n<meta property=\"og:locale\" content=\"en_US\" \/>\n<meta property=\"og:type\" content=\"article\" \/>\n<meta property=\"og:title\" content=\"Empresa -\" \/>\n<meta property=\"og:description\" content=\"[vc_row][vc_column][vc_text_separator title=&#8221;A EMPRESA&#8221; border_width=&#8221;10&#8243; el_class=&#8221;.vc_separator_align_center h4{ font-size: 50px }&#8221;][\/vc_column][\/vc_row][vc_row][vc_column][vc_column_text]Nenhum de N\u00f3s \u00e9 T\u00e3o Bom Quanto Todos N\u00f3s Juntos! Estamos iniciando um novo tempo na comunica\u00e7\u00e3o globalizada, aonde empresas e pessoas se misturam ao jornalismo e suas regras e, nas redes sociais, trabalham no infinito mundo sem regras, levando a informa\u00e7\u00e3o e contrainforma\u00e7\u00e3o. Esse novo mundo [&hellip;]\" \/>\n<meta property=\"og:url\" content=\"https:\/\/midiafort.com.br\/?page_id=632\" \/>\n<meta property=\"article:modified_time\" content=\"2023-08-27T15:24:08+00:00\" \/>\n<meta name=\"twitter:card\" content=\"summary_large_image\" \/>\n<script type=\"application\/ld+json\" class=\"yoast-schema-graph\">{\"@context\":\"https:\/\/schema.org\",\"@graph\":[{\"@type\":\"WebPage\",\"@id\":\"https:\/\/midiafort.com.br\/?page_id=632\",\"url\":\"https:\/\/midiafort.com.br\/?page_id=632\",\"name\":\"Empresa -\",\"isPartOf\":{\"@id\":\"https:\/\/midiafort.com.br\/#website\"},\"datePublished\":\"2023-08-27T14:42:45+00:00\",\"dateModified\":\"2023-08-27T15:24:08+00:00\",\"breadcrumb\":{\"@id\":\"https:\/\/midiafort.com.br\/?page_id=632#breadcrumb\"},\"inLanguage\":\"en-US\",\"potentialAction\":[{\"@type\":\"ReadAction\",\"target\":[\"https:\/\/midiafort.com.br\/?page_id=632\"]}]},{\"@type\":\"BreadcrumbList\",\"@id\":\"https:\/\/midiafort.com.br\/?page_id=632#breadcrumb\",\"itemListElement\":[{\"@type\":\"ListItem\",\"position\":1,\"name\":\"Home\",\"item\":\"https:\/\/midiafort.com.br\/\"},{\"@type\":\"ListItem\",\"position\":2,\"name\":\"Empresa\"}]},{\"@type\":\"WebSite\",\"@id\":\"https:\/\/midiafort.com.br\/#website\",\"url\":\"https:\/\/midiafort.com.br\/\",\"name\":\"\",\"description\":\"\",\"potentialAction\":[{\"@type\":\"SearchAction\",\"target\":{\"@type\":\"EntryPoint\",\"urlTemplate\":\"https:\/\/midiafort.com.br\/?s={search_term_string}\"},\"query-input\":\"required name=search_term_string\"}],\"inLanguage\":\"en-US\"}]}<\/script>\n<!-- \/ Yoast SEO plugin. -->","yoast_head_json":{"title":"Empresa -","robots":{"index":"index","follow":"follow","max-snippet":"max-snippet:-1","max-image-preview":"max-image-preview:large","max-video-preview":"max-video-preview:-1"},"canonical":"https:\/\/midiafort.com.br\/?page_id=632","og_locale":"en_US","og_type":"article","og_title":"Empresa -","og_description":"[vc_row][vc_column][vc_text_separator title=&#8221;A EMPRESA&#8221; border_width=&#8221;10&#8243; el_class=&#8221;.vc_separator_align_center h4{ font-size: 50px }&#8221;][\/vc_column][\/vc_row][vc_row][vc_column][vc_column_text]Nenhum de N\u00f3s \u00e9 T\u00e3o Bom Quanto Todos N\u00f3s Juntos! Estamos iniciando um novo tempo na comunica\u00e7\u00e3o globalizada, aonde empresas e pessoas se misturam ao jornalismo e suas regras e, nas redes sociais, trabalham no infinito mundo sem regras, levando a informa\u00e7\u00e3o e contrainforma\u00e7\u00e3o. Esse novo mundo [&hellip;]","og_url":"https:\/\/midiafort.com.br\/?page_id=632","article_modified_time":"2023-08-27T15:24:08+00:00","twitter_card":"summary_large_image","schema":{"@context":"https:\/\/schema.org","@graph":[{"@type":"WebPage","@id":"https:\/\/midiafort.com.br\/?page_id=632","url":"https:\/\/midiafort.com.br\/?page_id=632","name":"Empresa -","isPartOf":{"@id":"https:\/\/midiafort.com.br\/#website"},"datePublished":"2023-08-27T14:42:45+00:00","dateModified":"2023-08-27T15:24:08+00:00","breadcrumb":{"@id":"https:\/\/midiafort.com.br\/?page_id=632#breadcrumb"},"inLanguage":"en-US","potentialAction":[{"@type":"ReadAction","target":["https:\/\/midiafort.com.br\/?page_id=632"]}]},{"@type":"BreadcrumbList","@id":"https:\/\/midiafort.com.br\/?page_id=632#breadcrumb","itemListElement":[{"@type":"ListItem","position":1,"name":"Home","item":"https:\/\/midiafort.com.br\/"},{"@type":"ListItem","position":2,"name":"Empresa"}]},{"@type":"WebSite","@id":"https:\/\/midiafort.com.br\/#website","url":"https:\/\/midiafort.com.br\/","name":"","description":"","potentialAction":[{"@type":"SearchAction","target":{"@type":"EntryPoint","urlTemplate":"https:\/\/midiafort.com.br\/?s={search_term_string}"},"query-input":"required name=search_term_string"}],"inLanguage":"en-US"}]}},"_links":{"self":[{"href":"https:\/\/midiafort.com.br\/index.php?rest_route=\/wp\/v2\/pages\/632","targetHints":{"allow":["GET"]}}],"collection":[{"href":"https:\/\/midiafort.com.br\/index.php?rest_route=\/wp\/v2\/pages"}],"about":[{"href":"https:\/\/midiafort.com.br\/index.php?rest_route=\/wp\/v2\/types\/page"}],"author":[{"embeddable":true,"href":"https:\/\/midiafort.com.br\/index.php?rest_route=\/wp\/v2\/users\/1"}],"replies":[{"embeddable":true,"href":"https:\/\/midiafort.com.br\/index.php?rest_route=%2Fwp%2Fv2%2Fcomments&post=632"}],"version-history":[{"count":5,"href":"https:\/\/midiafort.com.br\/index.php?rest_route=\/wp\/v2\/pages\/632\/revisions"}],"predecessor-version":[{"id":641,"href":"https:\/\/midiafort.com.br\/index.php?rest_route=\/wp\/v2\/pages\/632\/revisions\/641"}],"wp:attachment":[{"href":"https:\/\/midiafort.com.br\/index.php?rest_route=%2Fwp%2Fv2%2Fmedia&parent=632"}],"curies":[{"name":"wp","href":"https:\/\/api.w.org\/{rel}","templated":true}]}}