{"id":661,"date":"2023-08-27T14:57:58","date_gmt":"2023-08-27T17:57:58","guid":{"rendered":"https:\/\/midiafort.com.br\/?page_id=661"},"modified":"2023-08-27T14:58:20","modified_gmt":"2023-08-27T17:58:20","slug":"661-2","status":"publish","type":"page","link":"https:\/\/midiafort.com.br\/?page_id=661","title":{"rendered":"Monitoramento de M\u00eddia"},"content":{"rendered":"<section class=\"wpb-content-wrapper\"><p>[vc_row][vc_column][vc_text_separator title=&#8221;Monitoramento de M\u00eddia&#8221; border_width=&#8221;10&#8243;][\/vc_column][\/vc_row][vc_row][vc_column][vc_column_text]O Monitoramento de M\u00eddia identifica e captura as not\u00edcias sobre a sua empresa e relevantes ao seu neg\u00f3cio. Todas as publica\u00e7\u00f5es, sejam elas\u00a0 on-line ou impressas, s\u00e3o classificadas de acordo com a sua necessidade e enviadas para voc\u00ea diariamente em um relat\u00f3rio personalizado.[\/vc_column_text][\/vc_column][\/vc_row][vc_row][vc_column][vc_column_text]<strong>PACOTE B\u00c1SICO<\/strong>[\/vc_column_text][\/vc_column][\/vc_row][vc_row][vc_column][vc_raw_html]JTNDdGFibGUlMjBpZCUzRCUyMnRhYmxlcHJlc3MtMiUyMiUyMGNsYXNzJTNEJTIydGFibGVwcmVzcyUyMHRhYmxlcHJlc3MtaWQtMiUyMiUzRSUwQSUzQ3RoZWFkJTNFJTBBJTNDdHIlMjBjbGFzcyUzRCUyMnJvdy0xJTIwb2RkJTIyJTNFJTBBJTA5JTNDdGglMjBjbGFzcyUzRCUyMmNvbHVtbi0xJTIyJTNFREVTQ1JJJUMzJTg3JUMzJTgzTyUzQyUyRnRoJTNFJTNDdGglMjBjbGFzcyUzRCUyMmNvbHVtbi0yJTIyJTNFUVVBTlRJREFERSUzQyUyRnRoJTNFJTBBJTNDJTJGdHIlM0UlMEElM0MlMkZ0aGVhZCUzRSUwQSUzQ3Rib2R5JTIwY2xhc3MlM0QlMjJyb3ctaG92ZXIlMjIlM0UlMEElM0N0ciUyMGNsYXNzJTNEJTIycm93LTIlMjBldmVuJTIyJTNFJTBBJTA5JTNDdGQlMjBjbGFzcyUzRCUyMmNvbHVtbi0xJTIyJTNFUiVDMyVBMWRpbyUyMEVzY3V0YSUyMCUyOCUyQSUyMGdyYXZhJUMzJUE3JUMzJUEzbyUyMGRvcyUyMHByb2dyYW1hcyUzQ2JyJTNFJTBBam9ybmFsJUMzJUFEc3RpY29zJTIwY29tJTIwYmFzZSUyMG5hJTIwY2l0YSVDMyVBNyVDMyVBM28lMjBkbyUyMGNsaWVudGUlMjklM0NiciUzRSUwQSUzQ2JyJTNFJTBBVmUlQzMlQURjdWxvcyUyMG1vbml0b3JhZG9zJTNBJTIwQ2FtcGluYSUyMEZNJTJDJTIwQ29ycmVpbyUyMEZNJTJDJTIwJTNDYnIlM0UlMEFQYW5vciVDMyVBMm1pY2ElMjBGTSUyQyUyMENhcnJpJTIwQU0lMkMlMjBDaWRhZGUlMjBFc3BlcmFuJUMzJUE3YSUyMEFNJTJDJTNDYnIlM0UlMEFDYXR1cml0JUMzJUE5JTIwQU0lMjBlJTIwQ2x1YmUlMjBBTS4lM0MlMkZ0ZCUzRSUzQ3RkJTIwY2xhc3MlM0QlMjJjb2x1bW4tMiUyMiUzRTElMjBwcm9ncmFtYSUyMHBvciUyMFIlQzMlQTFkaW8lM0NiciUzRSUwQSUzRCUyMDEwJTIwcHJvZ3JhbWFzJTIwcG9yJTIwbSVDMyVBQXMlM0MlMkZ0ZCUzRSUwQSUzQyUyRnRyJTNFJTBBJTNDdHIlMjBjbGFzcyUzRCUyMnJvdy0zJTIwb2RkJTIyJTNFJTBBJTA5JTNDdGQlMjBjbGFzcyUzRCUyMmNvbHVtbi0xJTIyJTNFVFYlMjBGaXNjYWwlMjAlMjglMkElMjBncmF2YSVDMyVBNyVDMyVBM28lMjBkb3MlMjBwcm9ncmFtYXMlM0NiciUzRSUwQWpvcm5hbCVDMyVBRHN0aWNvcyUyMGNvbSUyMGJhc2UlMjBuYSUyMGNpdGElQzMlQTclQzMlQTNvJTIwZG8lMjBjbGllbnRlJTI5JTNDYnIlM0UlMEElM0NiciUzRSUwQVZlJUMzJUFEY3Vsb3MlMjBtb25pdG9yYWRvcyUzQSUyMFRWJTIwUGFyYSVDMyVBRGJhJTJDJTIwVFYlMjBDb3JyZWlvJTJDJTIwJTNDYnIlM0UlMEFUViUyMEJvcmJvcmVtYSUyMGUlMjBUViUyMEl0YXJhciVDMyVBOS4lM0MlMkZ0ZCUzRSUzQ3RkJTIwY2xhc3MlM0QlMjJjb2x1bW4tMiUyMiUzRTElMjBwcm9ncmFtYSUyMHBvciUyMFRWJTNDYnIlM0UlMEElM0QlMjAxMCUyMHByb2dyYW1hcyUyMHBvciUyMG0lQzMlQUFzJTNDJTJGdGQlM0UlMEElM0MlMkZ0ciUzRSUwQSUzQ3RyJTIwY2xhc3MlM0QlMjJyb3ctNCUyMGV2ZW4lMjIlM0UlMEElMDklM0N0ZCUyMGNsYXNzJTNEJTIyY29sdW1uLTElMjIlM0VDbGlwcGluZyUyMGltcHJlc3NvJTIwJTI4JTJBJTIwZW1pc3MlQzMlQTNvJTIwZGFzJTIwJTNDYnIlM0UlMEFlZGklQzMlQTclQzMlQjVlcyUyMGRpZ2l0YWlzJTIwZG9zJTIwam9ybmFpcyUyMHBhcmFpYmFub3MlMjklM0NiciUzRSUwQSUzQ2JyJTNFJTBBVmUlQzMlQURjdWxvcyUyMG1vbml0b3JhZG9zJTNBJTIwSm9ybmFsJTIwZGElMjBQYXJhJUMzJUFEYmElMkMlMjBBJTIwVW5pJUMzJUEzbyUzQ2JyJTNFJTBBZSUyMENvcnJlaW8lMjBkYSUyMFBhcmElQzMlQURiYS4lM0MlMkZ0ZCUzRSUzQ3RkJTIwY2xhc3MlM0QlMjJjb2x1bW4tMiUyMiUzRTElMjBqb3JuYWwlMjAlM0QlMjAyMCUyMGpvcm5haXMlMjBwb3IlMjBtJUMzJUFBcyUzQyUyRnRkJTNFJTBBJTNDJTJGdHIlM0UlMEElM0N0ciUyMGNsYXNzJTNEJTIycm93LTUlMjBvZGQlMjIlM0UlMEElMDklM0N0ZCUyMGNsYXNzJTNEJTIyY29sdW1uLTElMjIlM0VDbGlwYWdlbSUyMG9ubGluZSUyMCUyOCUyQSUyMGVtaXNzJUMzJUEzbyUyMGRlJTNDYnIlM0UlMEFtYXQlQzMlQTlyaWFzJTIwY2xpcGFkYXMlMjBkb3MlMjBwb3J0YWlzJTIwY29tJTIwYmFzZSUyMCUzQ2JyJTNFJTBBY2l0YSVDMyVBNyVDMyVBM28lMjBkbyUyMGNsaWVudGUlMjklMjAlM0NiciUzRSUwQSUzQ2JyJTNFJTBBJTJBTyUyMGNsaWVudGUlMjBlc2NvbGhlJTIwbyUyMHZlJUMzJUFEY3VsbyUyMGElMjBzZXIlMjBtb25pdG9yYWRvLiUzQyUyRnRkJTNFJTNDdGQlMjBjbGFzcyUzRCUyMmNvbHVtbi0yJTIyJTNFMyUyMHNpdGVzJTIwJTNEJTIwMjQlMjBjbGlwYWdlbSUyMHBvciUyMG0lQzMlQUFzJTNDJTJGdGQlM0UlMEElM0MlMkZ0ciUzRSUwQSUzQyUyRnRib2R5JTNFJTBBJTNDJTJGdGFibGUlM0U=[\/vc_raw_html][\/vc_column][\/vc_row]<\/p>\n<\/section>","protected":false},"excerpt":{"rendered":"<p>[vc_row][vc_column][vc_text_separator title=&#8221;Monitoramento de M\u00eddia&#8221; border_width=&#8221;10&#8243;][\/vc_column][\/vc_row][vc_row][vc_column][vc_column_text]O Monitoramento de M\u00eddia identifica e captura as not\u00edcias sobre a sua empresa e relevantes ao seu neg\u00f3cio. Todas as publica\u00e7\u00f5es, sejam elas\u00a0 on-line ou impressas, s\u00e3o classificadas de acordo com a sua necessidade e enviadas para voc\u00ea diariamente em um relat\u00f3rio personalizado.[\/vc_column_text][\/vc_column][\/vc_row][vc_row][vc_column][vc_column_text]PACOTE B\u00c1SICO[\/vc_column_text][\/vc_column][\/vc_row][vc_row][vc_column][vc_raw_html]JTNDdGFibGUlMjBpZCUzRCUyMnRhYmxlcHJlc3MtMiUyMiUyMGNsYXNzJTNEJTIydGFibGVwcmVzcyUyMHRhYmxlcHJlc3MtaWQtMiUyMiUzRSUwQSUzQ3RoZWFkJTNFJTBBJTNDdHIlMjBjbGFzcyUzRCUyMnJvdy0xJTIwb2RkJTIyJTNFJTBBJTA5JTNDdGglMjBjbGFzcyUzRCUyMmNvbHVtbi0xJTIyJTNFREVTQ1JJJUMzJTg3JUMzJTgzTyUzQyUyRnRoJTNFJTNDdGglMjBjbGFzcyUzRCUyMmNvbHVtbi0yJTIyJTNFUVVBTlRJREFERSUzQyUyRnRoJTNFJTBBJTNDJTJGdHIlM0UlMEElM0MlMkZ0aGVhZCUzRSUwQSUzQ3Rib2R5JTIwY2xhc3MlM0QlMjJyb3ctaG92ZXIlMjIlM0UlMEElM0N0ciUyMGNsYXNzJTNEJTIycm93LTIlMjBldmVuJTIyJTNFJTBBJTA5JTNDdGQlMjBjbGFzcyUzRCUyMmNvbHVtbi0xJTIyJTNFUiVDMyVBMWRpbyUyMEVzY3V0YSUyMCUyOCUyQSUyMGdyYXZhJUMzJUE3JUMzJUEzbyUyMGRvcyUyMHByb2dyYW1hcyUzQ2JyJTNFJTBBam9ybmFsJUMzJUFEc3RpY29zJTIwY29tJTIwYmFzZSUyMG5hJTIwY2l0YSVDMyVBNyVDMyVBM28lMjBkbyUyMGNsaWVudGUlMjklM0NiciUzRSUwQSUzQ2JyJTNFJTBBVmUlQzMlQURjdWxvcyUyMG1vbml0b3JhZG9zJTNBJTIwQ2FtcGluYSUyMEZNJTJDJTIwQ29ycmVpbyUyMEZNJTJDJTIwJTNDYnIlM0UlMEFQYW5vciVDMyVBMm1pY2ElMjBGTSUyQyUyMENhcnJpJTIwQU0lMkMlMjBDaWRhZGUlMjBFc3BlcmFuJUMzJUE3YSUyMEFNJTJDJTNDYnIlM0UlMEFDYXR1cml0JUMzJUE5JTIwQU0lMjBlJTIwQ2x1YmUlMjBBTS4lM0MlMkZ0ZCUzRSUzQ3RkJTIwY2xhc3MlM0QlMjJjb2x1bW4tMiUyMiUzRTElMjBwcm9ncmFtYSUyMHBvciUyMFIlQzMlQTFkaW8lM0NiciUzRSUwQSUzRCUyMDEwJTIwcHJvZ3JhbWFzJTIwcG9yJTIwbSVDMyVBQXMlM0MlMkZ0ZCUzRSUwQSUzQyUyRnRyJTNFJTBBJTNDdHIlMjBjbGFzcyUzRCUyMnJvdy0zJTIwb2RkJTIyJTNFJTBBJTA5JTNDdGQlMjBjbGFzcyUzRCUyMmNvbHVtbi0xJTIyJTNFVFYlMjBGaXNjYWwlMjAlMjglMkElMjBncmF2YSVDMyVBNyVDMyVBM28lMjBkb3MlMjBwcm9ncmFtYXMlM0NiciUzRSUwQWpvcm5hbCVDMyVBRHN0aWNvcyUyMGNvbSUyMGJhc2UlMjBuYSUyMGNpdGElQzMlQTclQzMlQTNvJTIwZG8lMjBjbGllbnRlJTI5JTNDYnIlM0UlMEElM0NiciUzRSUwQVZlJUMzJUFEY3Vsb3MlMjBtb25pdG9yYWRvcyUzQSUyMFRWJTIwUGFyYSVDMyVBRGJhJTJDJTIwVFYlMjBDb3JyZWlvJTJDJTIwJTNDYnIlM0UlMEFUViUyMEJvcmJvcmVtYSUyMGUlMjBUViUyMEl0YXJhciVDMyVBOS4lM0MlMkZ0ZCUzRSUzQ3RkJTIwY2xhc3MlM0QlMjJjb2x1bW4tMiUyMiUzRTElMjBwcm9ncmFtYSUyMHBvciUyMFRWJTNDYnIlM0UlMEElM0QlMjAxMCUyMHByb2dyYW1hcyUyMHBvciUyMG0lQzMlQUFzJTNDJTJGdGQlM0UlMEElM0MlMkZ0ciUzRSUwQSUzQ3RyJTIwY2xhc3MlM0QlMjJyb3ctNCUyMGV2ZW4lMjIlM0UlMEElMDklM0N0ZCUyMGNsYXNzJTNEJTIyY29sdW1uLTElMjIlM0VDbGlwcGluZyUyMGltcHJlc3NvJTIwJTI4JTJBJTIwZW1pc3MlQzMlQTNvJTIwZGFzJTIwJTNDYnIlM0UlMEFlZGklQzMlQTclQzMlQjVlcyUyMGRpZ2l0YWlzJTIwZG9zJTIwam9ybmFpcyUyMHBhcmFpYmFub3MlMjklM0NiciUzRSUwQSUzQ2JyJTNFJTBBVmUlQzMlQURjdWxvcyUyMG1vbml0b3JhZG9zJTNBJTIwSm9ybmFsJTIwZGElMjBQYXJhJUMzJUFEYmElMkMlMjBBJTIwVW5pJUMzJUEzbyUzQ2JyJTNFJTBBZSUyMENvcnJlaW8lMjBkYSUyMFBhcmElQzMlQURiYS4lM0MlMkZ0ZCUzRSUzQ3RkJTIwY2xhc3MlM0QlMjJjb2x1bW4tMiUyMiUzRTElMjBqb3JuYWwlMjAlM0QlMjAyMCUyMGpvcm5haXMlMjBwb3IlMjBtJUMzJUFBcyUzQyUyRnRkJTNFJTBBJTNDJTJGdHIlM0UlMEElM0N0ciUyMGNsYXNzJTNEJTIycm93LTUlMjBvZGQlMjIlM0UlMEElMDklM0N0ZCUyMGNsYXNzJTNEJTIyY29sdW1uLTElMjIlM0VDbGlwYWdlbSUyMG9ubGluZSUyMCUyOCUyQSUyMGVtaXNzJUMzJUEzbyUyMGRlJTNDYnIlM0UlMEFtYXQlQzMlQTlyaWFzJTIwY2xpcGFkYXMlMjBkb3MlMjBwb3J0YWlzJTIwY29tJTIwYmFzZSUyMCUzQ2JyJTNFJTBBY2l0YSVDMyVBNyVDMyVBM28lMjBkbyUyMGNsaWVudGUlMjklMjAlM0NiciUzRSUwQSUzQ2JyJTNFJTBBJTJBTyUyMGNsaWVudGUlMjBlc2NvbGhlJTIwbyUyMHZlJUMzJUFEY3VsbyUyMGElMjBzZXIlMjBtb25pdG9yYWRvLiUzQyUyRnRkJTNFJTNDdGQlMjBjbGFzcyUzRCUyMmNvbHVtbi0yJTIyJTNFMyUyMHNpdGVzJTIwJTNEJTIwMjQlMjBjbGlwYWdlbSUyMHBvciUyMG0lQzMlQUFzJTNDJTJGdGQlM0UlMEElM0MlMkZ0ciUzRSUwQSUzQyUyRnRib2R5JTNFJTBBJTNDJTJGdGFibGUlM0U=[\/vc_raw_html][\/vc_column][\/vc_row]<\/p>\n","protected":false},"author":1,"featured_media":0,"parent":0,"menu_order":0,"comment_status":"closed","ping_status":"closed","template":"","meta":{"om_disable_all_campaigns":false,"_monsterinsights_skip_tracking":false,"_monsterinsights_sitenote_active":false,"_monsterinsights_sitenote_note":"","_monsterinsights_sitenote_category":0,"footnotes":""},"class_list":["post-661","page","type-page","status-publish","hentry"],"aioseo_notices":[],"yoast_head":"<!-- This site is optimized with the Yoast SEO plugin v21.0 - https:\/\/yoast.com\/wordpress\/plugins\/seo\/ -->\n<title>Monitoramento de M\u00eddia -<\/title>\n<meta name=\"robots\" content=\"index, follow, max-snippet:-1, max-image-preview:large, max-video-preview:-1\" \/>\n<link rel=\"canonical\" href=\"https:\/\/midiafort.com.br\/?page_id=661\" \/>\n<meta property=\"og:locale\" content=\"en_US\" \/>\n<meta property=\"og:type\" content=\"article\" \/>\n<meta property=\"og:title\" content=\"Monitoramento de M\u00eddia -\" \/>\n<meta property=\"og:description\" content=\"[vc_row][vc_column][vc_text_separator title=&#8221;Monitoramento de M\u00eddia&#8221; border_width=&#8221;10&#8243;][\/vc_column][\/vc_row][vc_row][vc_column][vc_column_text]O Monitoramento de M\u00eddia identifica e captura as not\u00edcias sobre a sua empresa e relevantes ao seu neg\u00f3cio. Todas as publica\u00e7\u00f5es, sejam elas\u00a0 on-line ou impressas, s\u00e3o classificadas de acordo com a sua necessidade e enviadas para voc\u00ea diariamente em um relat\u00f3rio personalizado.[\/vc_column_text][\/vc_column][\/vc_row][vc_row][vc_column][vc_column_text]PACOTE B\u00c1SICO[\/vc_column_text][\/vc_column][\/vc_row][vc_row][vc_column][vc_raw_html]JTNDdGFibGUlMjBpZCUzRCUyMnRhYmxlcHJlc3MtMiUyMiUyMGNsYXNzJTNEJTIydGFibGVwcmVzcyUyMHRhYmxlcHJlc3MtaWQtMiUyMiUzRSUwQSUzQ3RoZWFkJTNFJTBBJTNDdHIlMjBjbGFzcyUzRCUyMnJvdy0xJTIwb2RkJTIyJTNFJTBBJTA5JTNDdGglMjBjbGFzcyUzRCUyMmNvbHVtbi0xJTIyJTNFREVTQ1JJJUMzJTg3JUMzJTgzTyUzQyUyRnRoJTNFJTNDdGglMjBjbGFzcyUzRCUyMmNvbHVtbi0yJTIyJTNFUVVBTlRJREFERSUzQyUyRnRoJTNFJTBBJTNDJTJGdHIlM0UlMEElM0MlMkZ0aGVhZCUzRSUwQSUzQ3Rib2R5JTIwY2xhc3MlM0QlMjJyb3ctaG92ZXIlMjIlM0UlMEElM0N0ciUyMGNsYXNzJTNEJTIycm93LTIlMjBldmVuJTIyJTNFJTBBJTA5JTNDdGQlMjBjbGFzcyUzRCUyMmNvbHVtbi0xJTIyJTNFUiVDMyVBMWRpbyUyMEVzY3V0YSUyMCUyOCUyQSUyMGdyYXZhJUMzJUE3JUMzJUEzbyUyMGRvcyUyMHByb2dyYW1hcyUzQ2JyJTNFJTBBam9ybmFsJUMzJUFEc3RpY29zJTIwY29tJTIwYmFzZSUyMG5hJTIwY2l0YSVDMyVBNyVDMyVBM28lMjBkbyUyMGNsaWVudGUlMjklM0NiciUzRSUwQSUzQ2JyJTNFJTBBVmUlQzMlQURjdWxvcyUyMG1vbml0b3JhZG9zJTNBJTIwQ2FtcGluYSUyMEZNJTJDJTIwQ29ycmVpbyUyMEZNJTJDJTIwJTNDYnIlM0UlMEFQYW5vciVDMyVBMm1pY2ElMjBGTSUyQyUyMENhcnJpJTIwQU0lMkMlMjBDaWRhZGUlMjBFc3BlcmFuJUMzJUE3YSUyMEFNJTJDJTNDYnIlM0UlMEFDYXR1cml0JUMzJUE5JTIwQU0lMjBlJTIwQ2x1YmUlMjBBTS4lM0MlMkZ0ZCUzRSUzQ3RkJTIwY2xhc3MlM0QlMjJjb2x1bW4tMiUyMiUzRTElMjBwcm9ncmFtYSUyMHBvciUyMFIlQzMlQTFkaW8lM0NiciUzRSUwQSUzRCUyMDEwJTIwcHJvZ3JhbWFzJTIwcG9yJTIwbSVDMyVBQXMlM0MlMkZ0ZCUzRSUwQSUzQyUyRnRyJTNFJTBBJTNDdHIlMjBjbGFzcyUzRCUyMnJvdy0zJTIwb2RkJTIyJTNFJTBBJTA5JTNDdGQlMjBjbGFzcyUzRCUyMmNvbHVtbi0xJTIyJTNFVFYlMjBGaXNjYWwlMjAlMjglMkElMjBncmF2YSVDMyVBNyVDMyVBM28lMjBkb3MlMjBwcm9ncmFtYXMlM0NiciUzRSUwQWpvcm5hbCVDMyVBRHN0aWNvcyUyMGNvbSUyMGJhc2UlMjBuYSUyMGNpdGElQzMlQTclQzMlQTNvJTIwZG8lMjBjbGllbnRlJTI5JTNDYnIlM0UlMEElM0NiciUzRSUwQVZlJUMzJUFEY3Vsb3MlMjBtb25pdG9yYWRvcyUzQSUyMFRWJTIwUGFyYSVDMyVBRGJhJTJDJTIwVFYlMjBDb3JyZWlvJTJDJTIwJTNDYnIlM0UlMEFUViUyMEJvcmJvcmVtYSUyMGUlMjBUViUyMEl0YXJhciVDMyVBOS4lM0MlMkZ0ZCUzRSUzQ3RkJTIwY2xhc3MlM0QlMjJjb2x1bW4tMiUyMiUzRTElMjBwcm9ncmFtYSUyMHBvciUyMFRWJTNDYnIlM0UlMEElM0QlMjAxMCUyMHByb2dyYW1hcyUyMHBvciUyMG0lQzMlQUFzJTNDJTJGdGQlM0UlMEElM0MlMkZ0ciUzRSUwQSUzQ3RyJTIwY2xhc3MlM0QlMjJyb3ctNCUyMGV2ZW4lMjIlM0UlMEElMDklM0N0ZCUyMGNsYXNzJTNEJTIyY29sdW1uLTElMjIlM0VDbGlwcGluZyUyMGltcHJlc3NvJTIwJTI4JTJBJTIwZW1pc3MlQzMlQTNvJTIwZGFzJTIwJTNDYnIlM0UlMEFlZGklQzMlQTclQzMlQjVlcyUyMGRpZ2l0YWlzJTIwZG9zJTIwam9ybmFpcyUyMHBhcmFpYmFub3MlMjklM0NiciUzRSUwQSUzQ2JyJTNFJTBBVmUlQzMlQURjdWxvcyUyMG1vbml0b3JhZG9zJTNBJTIwSm9ybmFsJTIwZGElMjBQYXJhJUMzJUFEYmElMkMlMjBBJTIwVW5pJUMzJUEzbyUzQ2JyJTNFJTBBZSUyMENvcnJlaW8lMjBkYSUyMFBhcmElQzMlQURiYS4lM0MlMkZ0ZCUzRSUzQ3RkJTIwY2xhc3MlM0QlMjJjb2x1bW4tMiUyMiUzRTElMjBqb3JuYWwlMjAlM0QlMjAyMCUyMGpvcm5haXMlMjBwb3IlMjBtJUMzJUFBcyUzQyUyRnRkJTNFJTBBJTNDJTJGdHIlM0UlMEElM0N0ciUyMGNsYXNzJTNEJTIycm93LTUlMjBvZGQlMjIlM0UlMEElMDklM0N0ZCUyMGNsYXNzJTNEJTIyY29sdW1uLTElMjIlM0VDbGlwYWdlbSUyMG9ubGluZSUyMCUyOCUyQSUyMGVtaXNzJUMzJUEzbyUyMGRlJTNDYnIlM0UlMEFtYXQlQzMlQTlyaWFzJTIwY2xpcGFkYXMlMjBkb3MlMjBwb3J0YWlzJTIwY29tJTIwYmFzZSUyMCUzQ2JyJTNFJTBBY2l0YSVDMyVBNyVDMyVBM28lMjBkbyUyMGNsaWVudGUlMjklMjAlM0NiciUzRSUwQSUzQ2JyJTNFJTBBJTJBTyUyMGNsaWVudGUlMjBlc2NvbGhlJTIwbyUyMHZlJUMzJUFEY3VsbyUyMGElMjBzZXIlMjBtb25pdG9yYWRvLiUzQyUyRnRkJTNFJTNDdGQlMjBjbGFzcyUzRCUyMmNvbHVtbi0yJTIyJTNFMyUyMHNpdGVzJTIwJTNEJTIwMjQlMjBjbGlwYWdlbSUyMHBvciUyMG0lQzMlQUFzJTNDJTJGdGQlM0UlMEElM0MlMkZ0ciUzRSUwQSUzQyUyRnRib2R5JTNFJTBBJTNDJTJGdGFibGUlM0U=[\/vc_raw_html][\/vc_column][\/vc_row]\" \/>\n<meta property=\"og:url\" content=\"https:\/\/midiafort.com.br\/?page_id=661\" \/>\n<meta property=\"article:modified_time\" content=\"2023-08-27T17:58:20+00:00\" \/>\n<meta name=\"twitter:card\" content=\"summary_large_image\" \/>\n<meta name=\"twitter:label1\" content=\"Est. reading time\" \/>\n\t<meta name=\"twitter:data1\" content=\"1 minute\" \/>\n<script type=\"application\/ld+json\" class=\"yoast-schema-graph\">{\"@context\":\"https:\/\/schema.org\",\"@graph\":[{\"@type\":\"WebPage\",\"@id\":\"https:\/\/midiafort.com.br\/?page_id=661\",\"url\":\"https:\/\/midiafort.com.br\/?page_id=661\",\"name\":\"Monitoramento de M\u00eddia -\",\"isPartOf\":{\"@id\":\"https:\/\/midiafort.com.br\/#website\"},\"datePublished\":\"2023-08-27T17:57:58+00:00\",\"dateModified\":\"2023-08-27T17:58:20+00:00\",\"breadcrumb\":{\"@id\":\"https:\/\/midiafort.com.br\/?page_id=661#breadcrumb\"},\"inLanguage\":\"en-US\",\"potentialAction\":[{\"@type\":\"ReadAction\",\"target\":[\"https:\/\/midiafort.com.br\/?page_id=661\"]}]},{\"@type\":\"BreadcrumbList\",\"@id\":\"https:\/\/midiafort.com.br\/?page_id=661#breadcrumb\",\"itemListElement\":[{\"@type\":\"ListItem\",\"position\":1,\"name\":\"Home\",\"item\":\"https:\/\/midiafort.com.br\/\"},{\"@type\":\"ListItem\",\"position\":2,\"name\":\"Monitoramento de M\u00eddia\"}]},{\"@type\":\"WebSite\",\"@id\":\"https:\/\/midiafort.com.br\/#website\",\"url\":\"https:\/\/midiafort.com.br\/\",\"name\":\"\",\"description\":\"\",\"potentialAction\":[{\"@type\":\"SearchAction\",\"target\":{\"@type\":\"EntryPoint\",\"urlTemplate\":\"https:\/\/midiafort.com.br\/?s={search_term_string}\"},\"query-input\":\"required name=search_term_string\"}],\"inLanguage\":\"en-US\"}]}<\/script>\n<!-- \/ Yoast SEO plugin. -->","yoast_head_json":{"title":"Monitoramento de M\u00eddia -","robots":{"index":"index","follow":"follow","max-snippet":"max-snippet:-1","max-image-preview":"max-image-preview:large","max-video-preview":"max-video-preview:-1"},"canonical":"https:\/\/midiafort.com.br\/?page_id=661","og_locale":"en_US","og_type":"article","og_title":"Monitoramento de M\u00eddia -","og_description":"[vc_row][vc_column][vc_text_separator title=&#8221;Monitoramento de M\u00eddia&#8221; border_width=&#8221;10&#8243;][\/vc_column][\/vc_row][vc_row][vc_column][vc_column_text]O Monitoramento de M\u00eddia identifica e captura as not\u00edcias sobre a sua empresa e relevantes ao seu neg\u00f3cio. Todas as publica\u00e7\u00f5es, sejam elas\u00a0 on-line ou impressas, s\u00e3o classificadas de acordo com a sua necessidade e enviadas para voc\u00ea diariamente em um relat\u00f3rio personalizado.[\/vc_column_text][\/vc_column][\/vc_row][vc_row][vc_column][vc_column_text]PACOTE B\u00c1SICO[\/vc_column_text][\/vc_column][\/vc_row][vc_row][vc_column][vc_raw_html]JTNDdGFibGUlMjBpZCUzRCUyMnRhYmxlcHJlc3MtMiUyMiUyMGNsYXNzJTNEJTIydGFibGVwcmVzcyUyMHRhYmxlcHJlc3MtaWQtMiUyMiUzRSUwQSUzQ3RoZWFkJTNFJTBBJTNDdHIlMjBjbGFzcyUzRCUyMnJvdy0xJTIwb2RkJTIyJTNFJTBBJTA5JTNDdGglMjBjbGFzcyUzRCUyMmNvbHVtbi0xJTIyJTNFREVTQ1JJJUMzJTg3JUMzJTgzTyUzQyUyRnRoJTNFJTNDdGglMjBjbGFzcyUzRCUyMmNvbHVtbi0yJTIyJTNFUVVBTlRJREFERSUzQyUyRnRoJTNFJTBBJTNDJTJGdHIlM0UlMEElM0MlMkZ0aGVhZCUzRSUwQSUzQ3Rib2R5JTIwY2xhc3MlM0QlMjJyb3ctaG92ZXIlMjIlM0UlMEElM0N0ciUyMGNsYXNzJTNEJTIycm93LTIlMjBldmVuJTIyJTNFJTBBJTA5JTNDdGQlMjBjbGFzcyUzRCUyMmNvbHVtbi0xJTIyJTNFUiVDMyVBMWRpbyUyMEVzY3V0YSUyMCUyOCUyQSUyMGdyYXZhJUMzJUE3JUMzJUEzbyUyMGRvcyUyMHByb2dyYW1hcyUzQ2JyJTNFJTBBam9ybmFsJUMzJUFEc3RpY29zJTIwY29tJTIwYmFzZSUyMG5hJTIwY2l0YSVDMyVBNyVDMyVBM28lMjBkbyUyMGNsaWVudGUlMjklM0NiciUzRSUwQSUzQ2JyJTNFJTBBVmUlQzMlQURjdWxvcyUyMG1vbml0b3JhZG9zJTNBJTIwQ2FtcGluYSUyMEZNJTJDJTIwQ29ycmVpbyUyMEZNJTJDJTIwJTNDYnIlM0UlMEFQYW5vciVDMyVBMm1pY2ElMjBGTSUyQyUyMENhcnJpJTIwQU0lMkMlMjBDaWRhZGUlMjBFc3BlcmFuJUMzJUE3YSUyMEFNJTJDJTNDYnIlM0UlMEFDYXR1cml0JUMzJUE5JTIwQU0lMjBlJTIwQ2x1YmUlMjBBTS4lM0MlMkZ0ZCUzRSUzQ3RkJTIwY2xhc3MlM0QlMjJjb2x1bW4tMiUyMiUzRTElMjBwcm9ncmFtYSUyMHBvciUyMFIlQzMlQTFkaW8lM0NiciUzRSUwQSUzRCUyMDEwJTIwcHJvZ3JhbWFzJTIwcG9yJTIwbSVDMyVBQXMlM0MlMkZ0ZCUzRSUwQSUzQyUyRnRyJTNFJTBBJTNDdHIlMjBjbGFzcyUzRCUyMnJvdy0zJTIwb2RkJTIyJTNFJTBBJTA5JTNDdGQlMjBjbGFzcyUzRCUyMmNvbHVtbi0xJTIyJTNFVFYlMjBGaXNjYWwlMjAlMjglMkElMjBncmF2YSVDMyVBNyVDMyVBM28lMjBkb3MlMjBwcm9ncmFtYXMlM0NiciUzRSUwQWpvcm5hbCVDMyVBRHN0aWNvcyUyMGNvbSUyMGJhc2UlMjBuYSUyMGNpdGElQzMlQTclQzMlQTNvJTIwZG8lMjBjbGllbnRlJTI5JTNDYnIlM0UlMEElM0NiciUzRSUwQVZlJUMzJUFEY3Vsb3MlMjBtb25pdG9yYWRvcyUzQSUyMFRWJTIwUGFyYSVDMyVBRGJhJTJDJTIwVFYlMjBDb3JyZWlvJTJDJTIwJTNDYnIlM0UlMEFUViUyMEJvcmJvcmVtYSUyMGUlMjBUViUyMEl0YXJhciVDMyVBOS4lM0MlMkZ0ZCUzRSUzQ3RkJTIwY2xhc3MlM0QlMjJjb2x1bW4tMiUyMiUzRTElMjBwcm9ncmFtYSUyMHBvciUyMFRWJTNDYnIlM0UlMEElM0QlMjAxMCUyMHByb2dyYW1hcyUyMHBvciUyMG0lQzMlQUFzJTNDJTJGdGQlM0UlMEElM0MlMkZ0ciUzRSUwQSUzQ3RyJTIwY2xhc3MlM0QlMjJyb3ctNCUyMGV2ZW4lMjIlM0UlMEElMDklM0N0ZCUyMGNsYXNzJTNEJTIyY29sdW1uLTElMjIlM0VDbGlwcGluZyUyMGltcHJlc3NvJTIwJTI4JTJBJTIwZW1pc3MlQzMlQTNvJTIwZGFzJTIwJTNDYnIlM0UlMEFlZGklQzMlQTclQzMlQjVlcyUyMGRpZ2l0YWlzJTIwZG9zJTIwam9ybmFpcyUyMHBhcmFpYmFub3MlMjklM0NiciUzRSUwQSUzQ2JyJTNFJTBBVmUlQzMlQURjdWxvcyUyMG1vbml0b3JhZG9zJTNBJTIwSm9ybmFsJTIwZGElMjBQYXJhJUMzJUFEYmElMkMlMjBBJTIwVW5pJUMzJUEzbyUzQ2JyJTNFJTBBZSUyMENvcnJlaW8lMjBkYSUyMFBhcmElQzMlQURiYS4lM0MlMkZ0ZCUzRSUzQ3RkJTIwY2xhc3MlM0QlMjJjb2x1bW4tMiUyMiUzRTElMjBqb3JuYWwlMjAlM0QlMjAyMCUyMGpvcm5haXMlMjBwb3IlMjBtJUMzJUFBcyUzQyUyRnRkJTNFJTBBJTNDJTJGdHIlM0UlMEElM0N0ciUyMGNsYXNzJTNEJTIycm93LTUlMjBvZGQlMjIlM0UlMEElMDklM0N0ZCUyMGNsYXNzJTNEJTIyY29sdW1uLTElMjIlM0VDbGlwYWdlbSUyMG9ubGluZSUyMCUyOCUyQSUyMGVtaXNzJUMzJUEzbyUyMGRlJTNDYnIlM0UlMEFtYXQlQzMlQTlyaWFzJTIwY2xpcGFkYXMlMjBkb3MlMjBwb3J0YWlzJTIwY29tJTIwYmFzZSUyMCUzQ2JyJTNFJTBBY2l0YSVDMyVBNyVDMyVBM28lMjBkbyUyMGNsaWVudGUlMjklMjAlM0NiciUzRSUwQSUzQ2JyJTNFJTBBJTJBTyUyMGNsaWVudGUlMjBlc2NvbGhlJTIwbyUyMHZlJUMzJUFEY3VsbyUyMGElMjBzZXIlMjBtb25pdG9yYWRvLiUzQyUyRnRkJTNFJTNDdGQlMjBjbGFzcyUzRCUyMmNvbHVtbi0yJTIyJTNFMyUyMHNpdGVzJTIwJTNEJTIwMjQlMjBjbGlwYWdlbSUyMHBvciUyMG0lQzMlQUFzJTNDJTJGdGQlM0UlMEElM0MlMkZ0ciUzRSUwQSUzQyUyRnRib2R5JTNFJTBBJTNDJTJGdGFibGUlM0U=[\/vc_raw_html][\/vc_column][\/vc_row]","og_url":"https:\/\/midiafort.com.br\/?page_id=661","article_modified_time":"2023-08-27T17:58:20+00:00","twitter_card":"summary_large_image","twitter_misc":{"Est. reading time":"1 minute"},"schema":{"@context":"https:\/\/schema.org","@graph":[{"@type":"WebPage","@id":"https:\/\/midiafort.com.br\/?page_id=661","url":"https:\/\/midiafort.com.br\/?page_id=661","name":"Monitoramento de M\u00eddia -","isPartOf":{"@id":"https:\/\/midiafort.com.br\/#website"},"datePublished":"2023-08-27T17:57:58+00:00","dateModified":"2023-08-27T17:58:20+00:00","breadcrumb":{"@id":"https:\/\/midiafort.com.br\/?page_id=661#breadcrumb"},"inLanguage":"en-US","potentialAction":[{"@type":"ReadAction","target":["https:\/\/midiafort.com.br\/?page_id=661"]}]},{"@type":"BreadcrumbList","@id":"https:\/\/midiafort.com.br\/?page_id=661#breadcrumb","itemListElement":[{"@type":"ListItem","position":1,"name":"Home","item":"https:\/\/midiafort.com.br\/"},{"@type":"ListItem","position":2,"name":"Monitoramento de M\u00eddia"}]},{"@type":"WebSite","@id":"https:\/\/midiafort.com.br\/#website","url":"https:\/\/midiafort.com.br\/","name":"","description":"","potentialAction":[{"@type":"SearchAction","target":{"@type":"EntryPoint","urlTemplate":"https:\/\/midiafort.com.br\/?s={search_term_string}"},"query-input":"required name=search_term_string"}],"inLanguage":"en-US"}]}},"_links":{"self":[{"href":"https:\/\/midiafort.com.br\/index.php?rest_route=\/wp\/v2\/pages\/661","targetHints":{"allow":["GET"]}}],"collection":[{"href":"https:\/\/midiafort.com.br\/index.php?rest_route=\/wp\/v2\/pages"}],"about":[{"href":"https:\/\/midiafort.com.br\/index.php?rest_route=\/wp\/v2\/types\/page"}],"author":[{"embeddable":true,"href":"https:\/\/midiafort.com.br\/index.php?rest_route=\/wp\/v2\/users\/1"}],"replies":[{"embeddable":true,"href":"https:\/\/midiafort.com.br\/index.php?rest_route=%2Fwp%2Fv2%2Fcomments&post=661"}],"version-history":[{"count":3,"href":"https:\/\/midiafort.com.br\/index.php?rest_route=\/wp\/v2\/pages\/661\/revisions"}],"predecessor-version":[{"id":664,"href":"https:\/\/midiafort.com.br\/index.php?rest_route=\/wp\/v2\/pages\/661\/revisions\/664"}],"wp:attachment":[{"href":"https:\/\/midiafort.com.br\/index.php?rest_route=%2Fwp%2Fv2%2Fmedia&parent=661"}],"curies":[{"name":"wp","href":"https:\/\/api.w.org\/{rel}","templated":true}]}}