{"id":665,"date":"2023-08-27T15:01:37","date_gmt":"2023-08-27T18:01:37","guid":{"rendered":"https:\/\/midiafort.com.br\/?page_id=665"},"modified":"2023-08-27T15:02:07","modified_gmt":"2023-08-27T18:02:07","slug":"665-2","status":"publish","type":"page","link":"https:\/\/midiafort.com.br\/?page_id=665","title":{"rendered":"Design Gr\u00e1fico"},"content":{"rendered":"<section class=\"wpb-content-wrapper\"><p>[vc_row][vc_column][vc_text_separator title=&#8221;Design Gr\u00e1fico&#8221; border_width=&#8221;10&#8243;][\/vc_column][\/vc_row][vc_row][vc_column][vc_column_text]A percep\u00e7\u00e3o da marca \u00e9 o ponto chave para seu sucesso. Garantir que o cliente entre em contato com sua representa\u00e7\u00e3o gr\u00e1fica e seja capaz de absorver toda sua ess\u00eancia e conceito parece dif\u00edcil, mas com os profissionais corretos e capacitados, torna-se cada vez mais simples.[\/vc_column_text][\/vc_column][\/vc_row][vc_row][vc_column][vc_column_text]<strong>:: PACOTE B\u00c1SICO<\/strong>[\/vc_column_text][\/vc_column][\/vc_row][vc_row][vc_column][vc_raw_html]JTNDdGFibGUlMjBpZCUzRCUyMnRhYmxlcHJlc3MtMyUyMiUyMGNsYXNzJTNEJTIydGFibGVwcmVzcyUyMHRhYmxlcHJlc3MtaWQtMyUyMiUzRSUwQSUzQ3RoZWFkJTNFJTBBJTNDdHIlMjBjbGFzcyUzRCUyMnJvdy0xJTIwb2RkJTIyJTNFJTBBJTA5JTNDdGglMjBjbGFzcyUzRCUyMmNvbHVtbi0xJTIyJTNFREVTQ1JJJUMzJTg3JUMzJTgzTyUzQyUyRnRoJTNFJTNDdGglMjBjbGFzcyUzRCUyMmNvbHVtbi0yJTIyJTNFUVVBTlRJREFERSUzQyUyRnRoJTNFJTBBJTNDJTJGdHIlM0UlMEElM0MlMkZ0aGVhZCUzRSUwQSUzQ3Rib2R5JTIwY2xhc3MlM0QlMjJyb3ctaG92ZXIlMjIlM0UlMEElM0N0ciUyMGNsYXNzJTNEJTIycm93LTIlMjBldmVuJTIyJTNFJTBBJTA5JTNDdGQlMjBjbGFzcyUzRCUyMmNvbHVtbi0xJTIyJTNFQ3JpYSVDMyVBNyVDMyVBM28lMjBkZSUyMExvZ290aXBvJTNDJTJGdGQlM0UlM0N0ZCUyMGNsYXNzJTNEJTIyY29sdW1uLTIlMjIlM0UwMSUyMHVuaWRhZGUlM0MlMkZ0ZCUzRSUwQSUzQyUyRnRyJTNFJTBBJTNDdHIlMjBjbGFzcyUzRCUyMnJvdy0zJTIwb2RkJTIyJTNFJTBBJTA5JTNDdGQlMjBjbGFzcyUzRCUyMmNvbHVtbi0xJTIyJTNFQ2FydCVDMyVBM28lMjBkZSUyMFZpc2l0YSUzQyUyRnRkJTNFJTNDdGQlMjBjbGFzcyUzRCUyMmNvbHVtbi0yJTIyJTNFMS4wMDAlMjBtaWwlMjB1bmlkYWRlcyUzQyUyRnRkJTNFJTBBJTNDJTJGdHIlM0UlMEElM0N0ciUyMGNsYXNzJTNEJTIycm93LTQlMjBldmVuJTIyJTNFJTBBJTA5JTNDdGQlMjBjbGFzcyUzRCUyMmNvbHVtbi0xJTIyJTNFSWRlbnRpZGFkZSUyMFZpc3VhbCUyMGNvbXBsZXRhJTNDJTJGdGQlM0UlM0N0ZCUyMGNsYXNzJTNEJTIyY29sdW1uLTIlMjIlM0UwMSUyMHVuaWRhZGUlM0MlMkZ0ZCUzRSUwQSUzQyUyRnRyJTNFJTBBJTNDdHIlMjBjbGFzcyUzRCUyMnJvdy01JTIwb2RkJTIyJTNFJTBBJTA5JTNDdGQlMjBjbGFzcyUzRCUyMmNvbHVtbi0xJTIyJTNFQmFubmVycyUyMERpZ2l0YWlzJTIwJTI4cmVkZXMlMjBzb2NpYWlzJTI5JTNDJTJGdGQlM0UlM0N0ZCUyMGNsYXNzJTNEJTIyY29sdW1uLTIlMjIlM0UwNCUyMHBvciUyMG0lQzMlQUFzJTNDJTJGdGQlM0UlMEElM0MlMkZ0ciUzRSUwQSUzQ3RyJTIwY2xhc3MlM0QlMjJyb3ctNiUyMGV2ZW4lMjIlM0UlMEElMDklM0N0ZCUyMGNsYXNzJTNEJTIyY29sdW1uLTElMjIlM0VCYW5uZXJzJTIwSW1wcmVzc28lMjAlMjgxJTJDMjAlMjB4JTIwMCUyQzkwJTI5JTNDJTJGdGQlM0UlM0N0ZCUyMGNsYXNzJTNEJTIyY29sdW1uLTIlMjIlM0UwMiUyMHBvciUyMG0lQzMlQUFzJTNDJTJGdGQlM0UlMEElM0MlMkZ0ciUzRSUwQSUzQyUyRnRib2R5JTNFJTBBJTNDJTJGdGFibGUlM0U=[\/vc_raw_html][\/vc_column][\/vc_row]<\/p>\n<\/section>","protected":false},"excerpt":{"rendered":"<p>[vc_row][vc_column][vc_text_separator title=&#8221;Design Gr\u00e1fico&#8221; border_width=&#8221;10&#8243;][\/vc_column][\/vc_row][vc_row][vc_column][vc_column_text]A percep\u00e7\u00e3o da marca \u00e9 o ponto chave para seu sucesso. Garantir que o cliente entre em contato com sua representa\u00e7\u00e3o gr\u00e1fica e seja capaz de absorver toda sua ess\u00eancia e conceito parece dif\u00edcil, mas com os profissionais corretos e capacitados, torna-se cada vez mais simples.[\/vc_column_text][\/vc_column][\/vc_row][vc_row][vc_column][vc_column_text]:: PACOTE B\u00c1SICO[\/vc_column_text][\/vc_column][\/vc_row][vc_row][vc_column][vc_raw_html]JTNDdGFibGUlMjBpZCUzRCUyMnRhYmxlcHJlc3MtMyUyMiUyMGNsYXNzJTNEJTIydGFibGVwcmVzcyUyMHRhYmxlcHJlc3MtaWQtMyUyMiUzRSUwQSUzQ3RoZWFkJTNFJTBBJTNDdHIlMjBjbGFzcyUzRCUyMnJvdy0xJTIwb2RkJTIyJTNFJTBBJTA5JTNDdGglMjBjbGFzcyUzRCUyMmNvbHVtbi0xJTIyJTNFREVTQ1JJJUMzJTg3JUMzJTgzTyUzQyUyRnRoJTNFJTNDdGglMjBjbGFzcyUzRCUyMmNvbHVtbi0yJTIyJTNFUVVBTlRJREFERSUzQyUyRnRoJTNFJTBBJTNDJTJGdHIlM0UlMEElM0MlMkZ0aGVhZCUzRSUwQSUzQ3Rib2R5JTIwY2xhc3MlM0QlMjJyb3ctaG92ZXIlMjIlM0UlMEElM0N0ciUyMGNsYXNzJTNEJTIycm93LTIlMjBldmVuJTIyJTNFJTBBJTA5JTNDdGQlMjBjbGFzcyUzRCUyMmNvbHVtbi0xJTIyJTNFQ3JpYSVDMyVBNyVDMyVBM28lMjBkZSUyMExvZ290aXBvJTNDJTJGdGQlM0UlM0N0ZCUyMGNsYXNzJTNEJTIyY29sdW1uLTIlMjIlM0UwMSUyMHVuaWRhZGUlM0MlMkZ0ZCUzRSUwQSUzQyUyRnRyJTNFJTBBJTNDdHIlMjBjbGFzcyUzRCUyMnJvdy0zJTIwb2RkJTIyJTNFJTBBJTA5JTNDdGQlMjBjbGFzcyUzRCUyMmNvbHVtbi0xJTIyJTNFQ2FydCVDMyVBM28lMjBkZSUyMFZpc2l0YSUzQyUyRnRkJTNFJTNDdGQlMjBjbGFzcyUzRCUyMmNvbHVtbi0yJTIyJTNFMS4wMDAlMjBtaWwlMjB1bmlkYWRlcyUzQyUyRnRkJTNFJTBBJTNDJTJGdHIlM0UlMEElM0N0ciUyMGNsYXNzJTNEJTIycm93LTQlMjBldmVuJTIyJTNFJTBBJTA5JTNDdGQlMjBjbGFzcyUzRCUyMmNvbHVtbi0xJTIyJTNFSWRlbnRpZGFkZSUyMFZpc3VhbCUyMGNvbXBsZXRhJTNDJTJGdGQlM0UlM0N0ZCUyMGNsYXNzJTNEJTIyY29sdW1uLTIlMjIlM0UwMSUyMHVuaWRhZGUlM0MlMkZ0ZCUzRSUwQSUzQyUyRnRyJTNFJTBBJTNDdHIlMjBjbGFzcyUzRCUyMnJvdy01JTIwb2RkJTIyJTNFJTBBJTA5JTNDdGQlMjBjbGFzcyUzRCUyMmNvbHVtbi0xJTIyJTNFQmFubmVycyUyMERpZ2l0YWlzJTIwJTI4cmVkZXMlMjBzb2NpYWlzJTI5JTNDJTJGdGQlM0UlM0N0ZCUyMGNsYXNzJTNEJTIyY29sdW1uLTIlMjIlM0UwNCUyMHBvciUyMG0lQzMlQUFzJTNDJTJGdGQlM0UlMEElM0MlMkZ0ciUzRSUwQSUzQ3RyJTIwY2xhc3MlM0QlMjJyb3ctNiUyMGV2ZW4lMjIlM0UlMEElMDklM0N0ZCUyMGNsYXNzJTNEJTIyY29sdW1uLTElMjIlM0VCYW5uZXJzJTIwSW1wcmVzc28lMjAlMjgxJTJDMjAlMjB4JTIwMCUyQzkwJTI5JTNDJTJGdGQlM0UlM0N0ZCUyMGNsYXNzJTNEJTIyY29sdW1uLTIlMjIlM0UwMiUyMHBvciUyMG0lQzMlQUFzJTNDJTJGdGQlM0UlMEElM0MlMkZ0ciUzRSUwQSUzQyUyRnRib2R5JTNFJTBBJTNDJTJGdGFibGUlM0U=[\/vc_raw_html][\/vc_column][\/vc_row]<\/p>\n","protected":false},"author":1,"featured_media":0,"parent":0,"menu_order":0,"comment_status":"closed","ping_status":"closed","template":"","meta":{"om_disable_all_campaigns":false,"_monsterinsights_skip_tracking":false,"_monsterinsights_sitenote_active":false,"_monsterinsights_sitenote_note":"","_monsterinsights_sitenote_category":0,"footnotes":""},"class_list":["post-665","page","type-page","status-publish","hentry"],"aioseo_notices":[],"yoast_head":"<!-- This site is optimized with the Yoast SEO plugin v21.0 - https:\/\/yoast.com\/wordpress\/plugins\/seo\/ -->\n<title>Design Gr\u00e1fico -<\/title>\n<meta name=\"robots\" content=\"index, follow, max-snippet:-1, max-image-preview:large, max-video-preview:-1\" \/>\n<link rel=\"canonical\" href=\"https:\/\/midiafort.com.br\/?page_id=665\" \/>\n<meta property=\"og:locale\" content=\"en_US\" \/>\n<meta property=\"og:type\" content=\"article\" \/>\n<meta property=\"og:title\" content=\"Design Gr\u00e1fico -\" \/>\n<meta property=\"og:description\" content=\"[vc_row][vc_column][vc_text_separator title=&#8221;Design Gr\u00e1fico&#8221; border_width=&#8221;10&#8243;][\/vc_column][\/vc_row][vc_row][vc_column][vc_column_text]A percep\u00e7\u00e3o da marca \u00e9 o ponto chave para seu sucesso. Garantir que o cliente entre em contato com sua representa\u00e7\u00e3o gr\u00e1fica e seja capaz de absorver toda sua ess\u00eancia e conceito parece dif\u00edcil, mas com os profissionais corretos e capacitados, torna-se cada vez mais simples.[\/vc_column_text][\/vc_column][\/vc_row][vc_row][vc_column][vc_column_text]:: PACOTE B\u00c1SICO[\/vc_column_text][\/vc_column][\/vc_row][vc_row][vc_column][vc_raw_html]JTNDdGFibGUlMjBpZCUzRCUyMnRhYmxlcHJlc3MtMyUyMiUyMGNsYXNzJTNEJTIydGFibGVwcmVzcyUyMHRhYmxlcHJlc3MtaWQtMyUyMiUzRSUwQSUzQ3RoZWFkJTNFJTBBJTNDdHIlMjBjbGFzcyUzRCUyMnJvdy0xJTIwb2RkJTIyJTNFJTBBJTA5JTNDdGglMjBjbGFzcyUzRCUyMmNvbHVtbi0xJTIyJTNFREVTQ1JJJUMzJTg3JUMzJTgzTyUzQyUyRnRoJTNFJTNDdGglMjBjbGFzcyUzRCUyMmNvbHVtbi0yJTIyJTNFUVVBTlRJREFERSUzQyUyRnRoJTNFJTBBJTNDJTJGdHIlM0UlMEElM0MlMkZ0aGVhZCUzRSUwQSUzQ3Rib2R5JTIwY2xhc3MlM0QlMjJyb3ctaG92ZXIlMjIlM0UlMEElM0N0ciUyMGNsYXNzJTNEJTIycm93LTIlMjBldmVuJTIyJTNFJTBBJTA5JTNDdGQlMjBjbGFzcyUzRCUyMmNvbHVtbi0xJTIyJTNFQ3JpYSVDMyVBNyVDMyVBM28lMjBkZSUyMExvZ290aXBvJTNDJTJGdGQlM0UlM0N0ZCUyMGNsYXNzJTNEJTIyY29sdW1uLTIlMjIlM0UwMSUyMHVuaWRhZGUlM0MlMkZ0ZCUzRSUwQSUzQyUyRnRyJTNFJTBBJTNDdHIlMjBjbGFzcyUzRCUyMnJvdy0zJTIwb2RkJTIyJTNFJTBBJTA5JTNDdGQlMjBjbGFzcyUzRCUyMmNvbHVtbi0xJTIyJTNFQ2FydCVDMyVBM28lMjBkZSUyMFZpc2l0YSUzQyUyRnRkJTNFJTNDdGQlMjBjbGFzcyUzRCUyMmNvbHVtbi0yJTIyJTNFMS4wMDAlMjBtaWwlMjB1bmlkYWRlcyUzQyUyRnRkJTNFJTBBJTNDJTJGdHIlM0UlMEElM0N0ciUyMGNsYXNzJTNEJTIycm93LTQlMjBldmVuJTIyJTNFJTBBJTA5JTNDdGQlMjBjbGFzcyUzRCUyMmNvbHVtbi0xJTIyJTNFSWRlbnRpZGFkZSUyMFZpc3VhbCUyMGNvbXBsZXRhJTNDJTJGdGQlM0UlM0N0ZCUyMGNsYXNzJTNEJTIyY29sdW1uLTIlMjIlM0UwMSUyMHVuaWRhZGUlM0MlMkZ0ZCUzRSUwQSUzQyUyRnRyJTNFJTBBJTNDdHIlMjBjbGFzcyUzRCUyMnJvdy01JTIwb2RkJTIyJTNFJTBBJTA5JTNDdGQlMjBjbGFzcyUzRCUyMmNvbHVtbi0xJTIyJTNFQmFubmVycyUyMERpZ2l0YWlzJTIwJTI4cmVkZXMlMjBzb2NpYWlzJTI5JTNDJTJGdGQlM0UlM0N0ZCUyMGNsYXNzJTNEJTIyY29sdW1uLTIlMjIlM0UwNCUyMHBvciUyMG0lQzMlQUFzJTNDJTJGdGQlM0UlMEElM0MlMkZ0ciUzRSUwQSUzQ3RyJTIwY2xhc3MlM0QlMjJyb3ctNiUyMGV2ZW4lMjIlM0UlMEElMDklM0N0ZCUyMGNsYXNzJTNEJTIyY29sdW1uLTElMjIlM0VCYW5uZXJzJTIwSW1wcmVzc28lMjAlMjgxJTJDMjAlMjB4JTIwMCUyQzkwJTI5JTNDJTJGdGQlM0UlM0N0ZCUyMGNsYXNzJTNEJTIyY29sdW1uLTIlMjIlM0UwMiUyMHBvciUyMG0lQzMlQUFzJTNDJTJGdGQlM0UlMEElM0MlMkZ0ciUzRSUwQSUzQyUyRnRib2R5JTNFJTBBJTNDJTJGdGFibGUlM0U=[\/vc_raw_html][\/vc_column][\/vc_row]\" \/>\n<meta property=\"og:url\" content=\"https:\/\/midiafort.com.br\/?page_id=665\" \/>\n<meta property=\"article:modified_time\" content=\"2023-08-27T18:02:07+00:00\" \/>\n<meta name=\"twitter:card\" content=\"summary_large_image\" \/>\n<meta name=\"twitter:label1\" content=\"Est. reading time\" \/>\n\t<meta name=\"twitter:data1\" content=\"1 minute\" \/>\n<script type=\"application\/ld+json\" class=\"yoast-schema-graph\">{\"@context\":\"https:\/\/schema.org\",\"@graph\":[{\"@type\":\"WebPage\",\"@id\":\"https:\/\/midiafort.com.br\/?page_id=665\",\"url\":\"https:\/\/midiafort.com.br\/?page_id=665\",\"name\":\"Design Gr\u00e1fico -\",\"isPartOf\":{\"@id\":\"https:\/\/midiafort.com.br\/#website\"},\"datePublished\":\"2023-08-27T18:01:37+00:00\",\"dateModified\":\"2023-08-27T18:02:07+00:00\",\"breadcrumb\":{\"@id\":\"https:\/\/midiafort.com.br\/?page_id=665#breadcrumb\"},\"inLanguage\":\"en-US\",\"potentialAction\":[{\"@type\":\"ReadAction\",\"target\":[\"https:\/\/midiafort.com.br\/?page_id=665\"]}]},{\"@type\":\"BreadcrumbList\",\"@id\":\"https:\/\/midiafort.com.br\/?page_id=665#breadcrumb\",\"itemListElement\":[{\"@type\":\"ListItem\",\"position\":1,\"name\":\"Home\",\"item\":\"https:\/\/midiafort.com.br\/\"},{\"@type\":\"ListItem\",\"position\":2,\"name\":\"Design Gr\u00e1fico\"}]},{\"@type\":\"WebSite\",\"@id\":\"https:\/\/midiafort.com.br\/#website\",\"url\":\"https:\/\/midiafort.com.br\/\",\"name\":\"\",\"description\":\"\",\"potentialAction\":[{\"@type\":\"SearchAction\",\"target\":{\"@type\":\"EntryPoint\",\"urlTemplate\":\"https:\/\/midiafort.com.br\/?s={search_term_string}\"},\"query-input\":\"required name=search_term_string\"}],\"inLanguage\":\"en-US\"}]}<\/script>\n<!-- \/ Yoast SEO plugin. -->","yoast_head_json":{"title":"Design Gr\u00e1fico -","robots":{"index":"index","follow":"follow","max-snippet":"max-snippet:-1","max-image-preview":"max-image-preview:large","max-video-preview":"max-video-preview:-1"},"canonical":"https:\/\/midiafort.com.br\/?page_id=665","og_locale":"en_US","og_type":"article","og_title":"Design Gr\u00e1fico -","og_description":"[vc_row][vc_column][vc_text_separator title=&#8221;Design Gr\u00e1fico&#8221; border_width=&#8221;10&#8243;][\/vc_column][\/vc_row][vc_row][vc_column][vc_column_text]A percep\u00e7\u00e3o da marca \u00e9 o ponto chave para seu sucesso. Garantir que o cliente entre em contato com sua representa\u00e7\u00e3o gr\u00e1fica e seja capaz de absorver toda sua ess\u00eancia e conceito parece dif\u00edcil, mas com os profissionais corretos e capacitados, torna-se cada vez mais simples.[\/vc_column_text][\/vc_column][\/vc_row][vc_row][vc_column][vc_column_text]:: PACOTE B\u00c1SICO[\/vc_column_text][\/vc_column][\/vc_row][vc_row][vc_column][vc_raw_html]JTNDdGFibGUlMjBpZCUzRCUyMnRhYmxlcHJlc3MtMyUyMiUyMGNsYXNzJTNEJTIydGFibGVwcmVzcyUyMHRhYmxlcHJlc3MtaWQtMyUyMiUzRSUwQSUzQ3RoZWFkJTNFJTBBJTNDdHIlMjBjbGFzcyUzRCUyMnJvdy0xJTIwb2RkJTIyJTNFJTBBJTA5JTNDdGglMjBjbGFzcyUzRCUyMmNvbHVtbi0xJTIyJTNFREVTQ1JJJUMzJTg3JUMzJTgzTyUzQyUyRnRoJTNFJTNDdGglMjBjbGFzcyUzRCUyMmNvbHVtbi0yJTIyJTNFUVVBTlRJREFERSUzQyUyRnRoJTNFJTBBJTNDJTJGdHIlM0UlMEElM0MlMkZ0aGVhZCUzRSUwQSUzQ3Rib2R5JTIwY2xhc3MlM0QlMjJyb3ctaG92ZXIlMjIlM0UlMEElM0N0ciUyMGNsYXNzJTNEJTIycm93LTIlMjBldmVuJTIyJTNFJTBBJTA5JTNDdGQlMjBjbGFzcyUzRCUyMmNvbHVtbi0xJTIyJTNFQ3JpYSVDMyVBNyVDMyVBM28lMjBkZSUyMExvZ290aXBvJTNDJTJGdGQlM0UlM0N0ZCUyMGNsYXNzJTNEJTIyY29sdW1uLTIlMjIlM0UwMSUyMHVuaWRhZGUlM0MlMkZ0ZCUzRSUwQSUzQyUyRnRyJTNFJTBBJTNDdHIlMjBjbGFzcyUzRCUyMnJvdy0zJTIwb2RkJTIyJTNFJTBBJTA5JTNDdGQlMjBjbGFzcyUzRCUyMmNvbHVtbi0xJTIyJTNFQ2FydCVDMyVBM28lMjBkZSUyMFZpc2l0YSUzQyUyRnRkJTNFJTNDdGQlMjBjbGFzcyUzRCUyMmNvbHVtbi0yJTIyJTNFMS4wMDAlMjBtaWwlMjB1bmlkYWRlcyUzQyUyRnRkJTNFJTBBJTNDJTJGdHIlM0UlMEElM0N0ciUyMGNsYXNzJTNEJTIycm93LTQlMjBldmVuJTIyJTNFJTBBJTA5JTNDdGQlMjBjbGFzcyUzRCUyMmNvbHVtbi0xJTIyJTNFSWRlbnRpZGFkZSUyMFZpc3VhbCUyMGNvbXBsZXRhJTNDJTJGdGQlM0UlM0N0ZCUyMGNsYXNzJTNEJTIyY29sdW1uLTIlMjIlM0UwMSUyMHVuaWRhZGUlM0MlMkZ0ZCUzRSUwQSUzQyUyRnRyJTNFJTBBJTNDdHIlMjBjbGFzcyUzRCUyMnJvdy01JTIwb2RkJTIyJTNFJTBBJTA5JTNDdGQlMjBjbGFzcyUzRCUyMmNvbHVtbi0xJTIyJTNFQmFubmVycyUyMERpZ2l0YWlzJTIwJTI4cmVkZXMlMjBzb2NpYWlzJTI5JTNDJTJGdGQlM0UlM0N0ZCUyMGNsYXNzJTNEJTIyY29sdW1uLTIlMjIlM0UwNCUyMHBvciUyMG0lQzMlQUFzJTNDJTJGdGQlM0UlMEElM0MlMkZ0ciUzRSUwQSUzQ3RyJTIwY2xhc3MlM0QlMjJyb3ctNiUyMGV2ZW4lMjIlM0UlMEElMDklM0N0ZCUyMGNsYXNzJTNEJTIyY29sdW1uLTElMjIlM0VCYW5uZXJzJTIwSW1wcmVzc28lMjAlMjgxJTJDMjAlMjB4JTIwMCUyQzkwJTI5JTNDJTJGdGQlM0UlM0N0ZCUyMGNsYXNzJTNEJTIyY29sdW1uLTIlMjIlM0UwMiUyMHBvciUyMG0lQzMlQUFzJTNDJTJGdGQlM0UlMEElM0MlMkZ0ciUzRSUwQSUzQyUyRnRib2R5JTNFJTBBJTNDJTJGdGFibGUlM0U=[\/vc_raw_html][\/vc_column][\/vc_row]","og_url":"https:\/\/midiafort.com.br\/?page_id=665","article_modified_time":"2023-08-27T18:02:07+00:00","twitter_card":"summary_large_image","twitter_misc":{"Est. reading time":"1 minute"},"schema":{"@context":"https:\/\/schema.org","@graph":[{"@type":"WebPage","@id":"https:\/\/midiafort.com.br\/?page_id=665","url":"https:\/\/midiafort.com.br\/?page_id=665","name":"Design Gr\u00e1fico -","isPartOf":{"@id":"https:\/\/midiafort.com.br\/#website"},"datePublished":"2023-08-27T18:01:37+00:00","dateModified":"2023-08-27T18:02:07+00:00","breadcrumb":{"@id":"https:\/\/midiafort.com.br\/?page_id=665#breadcrumb"},"inLanguage":"en-US","potentialAction":[{"@type":"ReadAction","target":["https:\/\/midiafort.com.br\/?page_id=665"]}]},{"@type":"BreadcrumbList","@id":"https:\/\/midiafort.com.br\/?page_id=665#breadcrumb","itemListElement":[{"@type":"ListItem","position":1,"name":"Home","item":"https:\/\/midiafort.com.br\/"},{"@type":"ListItem","position":2,"name":"Design Gr\u00e1fico"}]},{"@type":"WebSite","@id":"https:\/\/midiafort.com.br\/#website","url":"https:\/\/midiafort.com.br\/","name":"","description":"","potentialAction":[{"@type":"SearchAction","target":{"@type":"EntryPoint","urlTemplate":"https:\/\/midiafort.com.br\/?s={search_term_string}"},"query-input":"required name=search_term_string"}],"inLanguage":"en-US"}]}},"_links":{"self":[{"href":"https:\/\/midiafort.com.br\/index.php?rest_route=\/wp\/v2\/pages\/665","targetHints":{"allow":["GET"]}}],"collection":[{"href":"https:\/\/midiafort.com.br\/index.php?rest_route=\/wp\/v2\/pages"}],"about":[{"href":"https:\/\/midiafort.com.br\/index.php?rest_route=\/wp\/v2\/types\/page"}],"author":[{"embeddable":true,"href":"https:\/\/midiafort.com.br\/index.php?rest_route=\/wp\/v2\/users\/1"}],"replies":[{"embeddable":true,"href":"https:\/\/midiafort.com.br\/index.php?rest_route=%2Fwp%2Fv2%2Fcomments&post=665"}],"version-history":[{"count":3,"href":"https:\/\/midiafort.com.br\/index.php?rest_route=\/wp\/v2\/pages\/665\/revisions"}],"predecessor-version":[{"id":668,"href":"https:\/\/midiafort.com.br\/index.php?rest_route=\/wp\/v2\/pages\/665\/revisions\/668"}],"wp:attachment":[{"href":"https:\/\/midiafort.com.br\/index.php?rest_route=%2Fwp%2Fv2%2Fmedia&parent=665"}],"curies":[{"name":"wp","href":"https:\/\/api.w.org\/{rel}","templated":true}]}}