{"id":669,"date":"2023-08-27T15:02:57","date_gmt":"2023-08-27T18:02:57","guid":{"rendered":"https:\/\/midiafort.com.br\/?page_id=669"},"modified":"2023-08-27T15:06:30","modified_gmt":"2023-08-27T18:06:30","slug":"web-design","status":"publish","type":"page","link":"https:\/\/midiafort.com.br\/?page_id=669","title":{"rendered":"Web Design"},"content":{"rendered":"<section class=\"wpb-content-wrapper\"><p>[vc_row][vc_column][vc_text_separator title=&#8221;Web Design&#8221; border_width=&#8221;10&#8243;][\/vc_column][\/vc_row][vc_row][vc_column][vc_column_text]\u00c9 fundamental aproveitar todos os benef\u00edcios e possibilidades que a internet promove para seus usu\u00e1rios. A M\u00eddia Fort est\u00e1 sempre antenada para as novas propostas do mercado, garantindo as melhores solu\u00e7\u00f5es em comunica\u00e7\u00e3o digital para seus clientes.[\/vc_column_text][\/vc_column][\/vc_row][vc_row][vc_column][vc_column_text]<strong>:: PACOTE B\u00c1SICO<\/strong>[\/vc_column_text][\/vc_column][\/vc_row][vc_row][vc_column][vc_raw_html]JTNDdGFibGUlMjBpZCUzRCUyMnRhYmxlcHJlc3MtNCUyMiUyMGNsYXNzJTNEJTIydGFibGVwcmVzcyUyMHRhYmxlcHJlc3MtaWQtNCUyMiUzRSUwQSUzQ3RoZWFkJTNFJTBBJTNDdHIlMjBjbGFzcyUzRCUyMnJvdy0xJTIwb2RkJTIyJTNFJTBBJTA5JTNDdGglMjBjbGFzcyUzRCUyMmNvbHVtbi0xJTIyJTNFREVTQ1JJJUMzJTg3JUMzJTgzTyUzQyUyRnRoJTNFJTNDdGglMjBjbGFzcyUzRCUyMmNvbHVtbi0yJTIyJTNFUVVBTlRJREFERSUzQyUyRnRoJTNFJTBBJTNDJTJGdHIlM0UlMEElM0MlMkZ0aGVhZCUzRSUwQSUzQ3Rib2R5JTIwY2xhc3MlM0QlMjJyb3ctaG92ZXIlMjIlM0UlMEElM0N0ciUyMGNsYXNzJTNEJTIycm93LTIlMjBldmVuJTIyJTNFJTBBJTA5JTNDdGQlMjBjbGFzcyUzRCUyMmNvbHVtbi0xJTIyJTNFRG9tJUMzJUFEbmlvJTNDJTJGdGQlM0UlM0N0ZCUyMGNsYXNzJTNEJTIyY29sdW1uLTIlMjIlM0UwMSUyMHVuaWRhZGUlM0MlMkZ0ZCUzRSUwQSUzQyUyRnRyJTNFJTBBJTNDdHIlMjBjbGFzcyUzRCUyMnJvdy0zJTIwb2RkJTIyJTNFJTBBJTA5JTNDdGQlMjBjbGFzcyUzRCUyMmNvbHVtbi0xJTIyJTNFSG9zcGVkYWdlbSUzQyUyRnRkJTNFJTNDdGQlMjBjbGFzcyUzRCUyMmNvbHVtbi0yJTIyJTNFMDElMjB1bmlkYWRlJTNDJTJGdGQlM0UlMEElM0MlMkZ0ciUzRSUwQSUzQ3RyJTIwY2xhc3MlM0QlMjJyb3ctNCUyMGV2ZW4lMjIlM0UlMEElMDklM0N0ZCUyMGNsYXNzJTNEJTIyY29sdW1uLTElMjIlM0VDb25mZWMlQzMlQTclQzMlQTNvJTIwZG8lMjBMYXlvdXQlM0MlMkZ0ZCUzRSUzQ3RkJTIwY2xhc3MlM0QlMjJjb2x1bW4tMiUyMiUzRWdyJUMzJUExdGlzJTNDJTJGdGQlM0UlMEElM0MlMkZ0ciUzRSUwQSUzQ3RyJTIwY2xhc3MlM0QlMjJyb3ctNSUyMG9kZCUyMiUzRSUwQSUwOSUzQ3RkJTIwY2xhc3MlM0QlMjJjb2x1bW4tMSUyMiUzRURlc2Vudm9sdmltZW50byUyRkN1c3RvbWl6YSVDMyVBNyVDMyVBM28lM0MlMkZ0ZCUzRSUzQ3RkJTIwY2xhc3MlM0QlMjJjb2x1bW4tMiUyMiUzRWdyJUMzJUExdGlzJTNDJTJGdGQlM0UlMEElM0MlMkZ0ciUzRSUwQSUzQ3RyJTIwY2xhc3MlM0QlMjJyb3ctNiUyMGV2ZW4lMjIlM0UlMEElMDklM0N0ZCUyMGNsYXNzJTNEJTIyY29sdW1uLTElMjIlM0VCYWNrdXAlM0MlMkZ0ZCUzRSUzQ3RkJTIwY2xhc3MlM0QlMjJjb2x1bW4tMiUyMiUzRTAxJTIwdW5pZGFkZSUzQyUyRnRkJTNFJTBBJTNDJTJGdHIlM0UlMEElM0N0ciUyMGNsYXNzJTNEJTIycm93LTclMjBvZGQlMjIlM0UlMEElMDklM0N0ZCUyMGNsYXNzJTNEJTIyY29sdW1uLTElMjIlM0VTRU8lMkZHb29nbGUlM0MlMkZ0ZCUzRSUzQ3RkJTIwY2xhc3MlM0QlMjJjb2x1bW4tMiUyMiUzRWdyJUMzJUExdGlzJTNDJTJGdGQlM0UlMEElM0MlMkZ0ciUzRSUwQSUzQ3RyJTIwY2xhc3MlM0QlMjJyb3ctOCUyMGV2ZW4lMjIlM0UlMEElMDklM0N0ZCUyMGNsYXNzJTNEJTIyY29sdW1uLTElMjIlM0VUcmVpbmFtZW50byUzQyUyRnRkJTNFJTNDdGQlMjBjbGFzcyUzRCUyMmNvbHVtbi0yJTIyJTNFZ3IlQzMlQTF0aXMlM0MlMkZ0ZCUzRSUwQSUzQyUyRnRyJTNFJTBBJTNDdHIlMjBjbGFzcyUzRCUyMnJvdy05JTIwb2RkJTIyJTNFJTBBJTA5JTNDdGQlMjBjbGFzcyUzRCUyMmNvbHVtbi0xJTIyJTNFTWFudXRlbiVDMyVBNyVDMyVBM28lMjBwcmV2ZW50aXZhJTNDJTJGdGQlM0UlM0N0ZCUyMGNsYXNzJTNEJTIyY29sdW1uLTIlMjIlM0UwNCUyMHBvciUyMG0lQzMlQUFzJTNDJTJGdGQlM0UlMEElM0MlMkZ0ciUzRSUwQSUzQyUyRnRib2R5JTNFJTBBJTNDJTJGdGFibGUlM0U=[\/vc_raw_html][\/vc_column][\/vc_row]<\/p>\n<\/section>","protected":false},"excerpt":{"rendered":"<p>[vc_row][vc_column][vc_text_separator title=&#8221;Web Design&#8221; border_width=&#8221;10&#8243;][\/vc_column][\/vc_row][vc_row][vc_column][vc_column_text]\u00c9 fundamental aproveitar todos os benef\u00edcios e possibilidades que a internet promove para seus usu\u00e1rios. A M\u00eddia Fort est\u00e1 sempre antenada para as novas propostas do mercado, garantindo as melhores solu\u00e7\u00f5es em comunica\u00e7\u00e3o digital para seus clientes.[\/vc_column_text][\/vc_column][\/vc_row][vc_row][vc_column][vc_column_text]:: PACOTE B\u00c1SICO[\/vc_column_text][\/vc_column][\/vc_row][vc_row][vc_column][vc_raw_html]JTNDdGFibGUlMjBpZCUzRCUyMnRhYmxlcHJlc3MtNCUyMiUyMGNsYXNzJTNEJTIydGFibGVwcmVzcyUyMHRhYmxlcHJlc3MtaWQtNCUyMiUzRSUwQSUzQ3RoZWFkJTNFJTBBJTNDdHIlMjBjbGFzcyUzRCUyMnJvdy0xJTIwb2RkJTIyJTNFJTBBJTA5JTNDdGglMjBjbGFzcyUzRCUyMmNvbHVtbi0xJTIyJTNFREVTQ1JJJUMzJTg3JUMzJTgzTyUzQyUyRnRoJTNFJTNDdGglMjBjbGFzcyUzRCUyMmNvbHVtbi0yJTIyJTNFUVVBTlRJREFERSUzQyUyRnRoJTNFJTBBJTNDJTJGdHIlM0UlMEElM0MlMkZ0aGVhZCUzRSUwQSUzQ3Rib2R5JTIwY2xhc3MlM0QlMjJyb3ctaG92ZXIlMjIlM0UlMEElM0N0ciUyMGNsYXNzJTNEJTIycm93LTIlMjBldmVuJTIyJTNFJTBBJTA5JTNDdGQlMjBjbGFzcyUzRCUyMmNvbHVtbi0xJTIyJTNFRG9tJUMzJUFEbmlvJTNDJTJGdGQlM0UlM0N0ZCUyMGNsYXNzJTNEJTIyY29sdW1uLTIlMjIlM0UwMSUyMHVuaWRhZGUlM0MlMkZ0ZCUzRSUwQSUzQyUyRnRyJTNFJTBBJTNDdHIlMjBjbGFzcyUzRCUyMnJvdy0zJTIwb2RkJTIyJTNFJTBBJTA5JTNDdGQlMjBjbGFzcyUzRCUyMmNvbHVtbi0xJTIyJTNFSG9zcGVkYWdlbSUzQyUyRnRkJTNFJTNDdGQlMjBjbGFzcyUzRCUyMmNvbHVtbi0yJTIyJTNFMDElMjB1bmlkYWRlJTNDJTJGdGQlM0UlMEElM0MlMkZ0ciUzRSUwQSUzQ3RyJTIwY2xhc3MlM0QlMjJyb3ctNCUyMGV2ZW4lMjIlM0UlMEElMDklM0N0ZCUyMGNsYXNzJTNEJTIyY29sdW1uLTElMjIlM0VDb25mZWMlQzMlQTclQzMlQTNvJTIwZG8lMjBMYXlvdXQlM0MlMkZ0ZCUzRSUzQ3RkJTIwY2xhc3MlM0QlMjJjb2x1bW4tMiUyMiUzRWdyJUMzJUExdGlzJTNDJTJGdGQlM0UlMEElM0MlMkZ0ciUzRSUwQSUzQ3RyJTIwY2xhc3MlM0QlMjJyb3ctNSUyMG9kZCUyMiUzRSUwQSUwOSUzQ3RkJTIwY2xhc3MlM0QlMjJjb2x1bW4tMSUyMiUzRURlc2Vudm9sdmltZW50byUyRkN1c3RvbWl6YSVDMyVBNyVDMyVBM28lM0MlMkZ0ZCUzRSUzQ3RkJTIwY2xhc3MlM0QlMjJjb2x1bW4tMiUyMiUzRWdyJUMzJUExdGlzJTNDJTJGdGQlM0UlMEElM0MlMkZ0ciUzRSUwQSUzQ3RyJTIwY2xhc3MlM0QlMjJyb3ctNiUyMGV2ZW4lMjIlM0UlMEElMDklM0N0ZCUyMGNsYXNzJTNEJTIyY29sdW1uLTElMjIlM0VCYWNrdXAlM0MlMkZ0ZCUzRSUzQ3RkJTIwY2xhc3MlM0QlMjJjb2x1bW4tMiUyMiUzRTAxJTIwdW5pZGFkZSUzQyUyRnRkJTNFJTBBJTNDJTJGdHIlM0UlMEElM0N0ciUyMGNsYXNzJTNEJTIycm93LTclMjBvZGQlMjIlM0UlMEElMDklM0N0ZCUyMGNsYXNzJTNEJTIyY29sdW1uLTElMjIlM0VTRU8lMkZHb29nbGUlM0MlMkZ0ZCUzRSUzQ3RkJTIwY2xhc3MlM0QlMjJjb2x1bW4tMiUyMiUzRWdyJUMzJUExdGlzJTNDJTJGdGQlM0UlMEElM0MlMkZ0ciUzRSUwQSUzQ3RyJTIwY2xhc3MlM0QlMjJyb3ctOCUyMGV2ZW4lMjIlM0UlMEElMDklM0N0ZCUyMGNsYXNzJTNEJTIyY29sdW1uLTElMjIlM0VUcmVpbmFtZW50byUzQyUyRnRkJTNFJTNDdGQlMjBjbGFzcyUzRCUyMmNvbHVtbi0yJTIyJTNFZ3IlQzMlQTF0aXMlM0MlMkZ0ZCUzRSUwQSUzQyUyRnRyJTNFJTBBJTNDdHIlMjBjbGFzcyUzRCUyMnJvdy05JTIwb2RkJTIyJTNFJTBBJTA5JTNDdGQlMjBjbGFzcyUzRCUyMmNvbHVtbi0xJTIyJTNFTWFudXRlbiVDMyVBNyVDMyVBM28lMjBwcmV2ZW50aXZhJTNDJTJGdGQlM0UlM0N0ZCUyMGNsYXNzJTNEJTIyY29sdW1uLTIlMjIlM0UwNCUyMHBvciUyMG0lQzMlQUFzJTNDJTJGdGQlM0UlMEElM0MlMkZ0ciUzRSUwQSUzQyUyRnRib2R5JTNFJTBBJTNDJTJGdGFibGUlM0U=[\/vc_raw_html][\/vc_column][\/vc_row]<\/p>\n","protected":false},"author":1,"featured_media":0,"parent":0,"menu_order":0,"comment_status":"closed","ping_status":"closed","template":"","meta":{"om_disable_all_campaigns":false,"_monsterinsights_skip_tracking":false,"_monsterinsights_sitenote_active":false,"_monsterinsights_sitenote_note":"","_monsterinsights_sitenote_category":0,"footnotes":""},"class_list":["post-669","page","type-page","status-publish","hentry"],"aioseo_notices":[],"yoast_head":"<!-- This site is optimized with the Yoast SEO plugin v21.0 - https:\/\/yoast.com\/wordpress\/plugins\/seo\/ -->\n<title>Web Design -<\/title>\n<meta name=\"robots\" content=\"index, follow, max-snippet:-1, max-image-preview:large, max-video-preview:-1\" \/>\n<link rel=\"canonical\" href=\"https:\/\/midiafort.com.br\/?page_id=669\" \/>\n<meta property=\"og:locale\" content=\"en_US\" \/>\n<meta property=\"og:type\" content=\"article\" \/>\n<meta property=\"og:title\" content=\"Web Design -\" \/>\n<meta property=\"og:description\" content=\"[vc_row][vc_column][vc_text_separator title=&#8221;Web Design&#8221; border_width=&#8221;10&#8243;][\/vc_column][\/vc_row][vc_row][vc_column][vc_column_text]\u00c9 fundamental aproveitar todos os benef\u00edcios e possibilidades que a internet promove para seus usu\u00e1rios. A M\u00eddia Fort est\u00e1 sempre antenada para as novas propostas do mercado, garantindo as melhores solu\u00e7\u00f5es em comunica\u00e7\u00e3o digital para seus clientes.[\/vc_column_text][\/vc_column][\/vc_row][vc_row][vc_column][vc_column_text]:: PACOTE B\u00c1SICO[\/vc_column_text][\/vc_column][\/vc_row][vc_row][vc_column][vc_raw_html]JTNDdGFibGUlMjBpZCUzRCUyMnRhYmxlcHJlc3MtNCUyMiUyMGNsYXNzJTNEJTIydGFibGVwcmVzcyUyMHRhYmxlcHJlc3MtaWQtNCUyMiUzRSUwQSUzQ3RoZWFkJTNFJTBBJTNDdHIlMjBjbGFzcyUzRCUyMnJvdy0xJTIwb2RkJTIyJTNFJTBBJTA5JTNDdGglMjBjbGFzcyUzRCUyMmNvbHVtbi0xJTIyJTNFREVTQ1JJJUMzJTg3JUMzJTgzTyUzQyUyRnRoJTNFJTNDdGglMjBjbGFzcyUzRCUyMmNvbHVtbi0yJTIyJTNFUVVBTlRJREFERSUzQyUyRnRoJTNFJTBBJTNDJTJGdHIlM0UlMEElM0MlMkZ0aGVhZCUzRSUwQSUzQ3Rib2R5JTIwY2xhc3MlM0QlMjJyb3ctaG92ZXIlMjIlM0UlMEElM0N0ciUyMGNsYXNzJTNEJTIycm93LTIlMjBldmVuJTIyJTNFJTBBJTA5JTNDdGQlMjBjbGFzcyUzRCUyMmNvbHVtbi0xJTIyJTNFRG9tJUMzJUFEbmlvJTNDJTJGdGQlM0UlM0N0ZCUyMGNsYXNzJTNEJTIyY29sdW1uLTIlMjIlM0UwMSUyMHVuaWRhZGUlM0MlMkZ0ZCUzRSUwQSUzQyUyRnRyJTNFJTBBJTNDdHIlMjBjbGFzcyUzRCUyMnJvdy0zJTIwb2RkJTIyJTNFJTBBJTA5JTNDdGQlMjBjbGFzcyUzRCUyMmNvbHVtbi0xJTIyJTNFSG9zcGVkYWdlbSUzQyUyRnRkJTNFJTNDdGQlMjBjbGFzcyUzRCUyMmNvbHVtbi0yJTIyJTNFMDElMjB1bmlkYWRlJTNDJTJGdGQlM0UlMEElM0MlMkZ0ciUzRSUwQSUzQ3RyJTIwY2xhc3MlM0QlMjJyb3ctNCUyMGV2ZW4lMjIlM0UlMEElMDklM0N0ZCUyMGNsYXNzJTNEJTIyY29sdW1uLTElMjIlM0VDb25mZWMlQzMlQTclQzMlQTNvJTIwZG8lMjBMYXlvdXQlM0MlMkZ0ZCUzRSUzQ3RkJTIwY2xhc3MlM0QlMjJjb2x1bW4tMiUyMiUzRWdyJUMzJUExdGlzJTNDJTJGdGQlM0UlMEElM0MlMkZ0ciUzRSUwQSUzQ3RyJTIwY2xhc3MlM0QlMjJyb3ctNSUyMG9kZCUyMiUzRSUwQSUwOSUzQ3RkJTIwY2xhc3MlM0QlMjJjb2x1bW4tMSUyMiUzRURlc2Vudm9sdmltZW50byUyRkN1c3RvbWl6YSVDMyVBNyVDMyVBM28lM0MlMkZ0ZCUzRSUzQ3RkJTIwY2xhc3MlM0QlMjJjb2x1bW4tMiUyMiUzRWdyJUMzJUExdGlzJTNDJTJGdGQlM0UlMEElM0MlMkZ0ciUzRSUwQSUzQ3RyJTIwY2xhc3MlM0QlMjJyb3ctNiUyMGV2ZW4lMjIlM0UlMEElMDklM0N0ZCUyMGNsYXNzJTNEJTIyY29sdW1uLTElMjIlM0VCYWNrdXAlM0MlMkZ0ZCUzRSUzQ3RkJTIwY2xhc3MlM0QlMjJjb2x1bW4tMiUyMiUzRTAxJTIwdW5pZGFkZSUzQyUyRnRkJTNFJTBBJTNDJTJGdHIlM0UlMEElM0N0ciUyMGNsYXNzJTNEJTIycm93LTclMjBvZGQlMjIlM0UlMEElMDklM0N0ZCUyMGNsYXNzJTNEJTIyY29sdW1uLTElMjIlM0VTRU8lMkZHb29nbGUlM0MlMkZ0ZCUzRSUzQ3RkJTIwY2xhc3MlM0QlMjJjb2x1bW4tMiUyMiUzRWdyJUMzJUExdGlzJTNDJTJGdGQlM0UlMEElM0MlMkZ0ciUzRSUwQSUzQ3RyJTIwY2xhc3MlM0QlMjJyb3ctOCUyMGV2ZW4lMjIlM0UlMEElMDklM0N0ZCUyMGNsYXNzJTNEJTIyY29sdW1uLTElMjIlM0VUcmVpbmFtZW50byUzQyUyRnRkJTNFJTNDdGQlMjBjbGFzcyUzRCUyMmNvbHVtbi0yJTIyJTNFZ3IlQzMlQTF0aXMlM0MlMkZ0ZCUzRSUwQSUzQyUyRnRyJTNFJTBBJTNDdHIlMjBjbGFzcyUzRCUyMnJvdy05JTIwb2RkJTIyJTNFJTBBJTA5JTNDdGQlMjBjbGFzcyUzRCUyMmNvbHVtbi0xJTIyJTNFTWFudXRlbiVDMyVBNyVDMyVBM28lMjBwcmV2ZW50aXZhJTNDJTJGdGQlM0UlM0N0ZCUyMGNsYXNzJTNEJTIyY29sdW1uLTIlMjIlM0UwNCUyMHBvciUyMG0lQzMlQUFzJTNDJTJGdGQlM0UlMEElM0MlMkZ0ciUzRSUwQSUzQyUyRnRib2R5JTNFJTBBJTNDJTJGdGFibGUlM0U=[\/vc_raw_html][\/vc_column][\/vc_row]\" \/>\n<meta property=\"og:url\" content=\"https:\/\/midiafort.com.br\/?page_id=669\" \/>\n<meta property=\"article:modified_time\" content=\"2023-08-27T18:06:30+00:00\" \/>\n<meta name=\"twitter:card\" content=\"summary_large_image\" \/>\n<script type=\"application\/ld+json\" class=\"yoast-schema-graph\">{\"@context\":\"https:\/\/schema.org\",\"@graph\":[{\"@type\":\"WebPage\",\"@id\":\"https:\/\/midiafort.com.br\/?page_id=669\",\"url\":\"https:\/\/midiafort.com.br\/?page_id=669\",\"name\":\"Web Design -\",\"isPartOf\":{\"@id\":\"https:\/\/midiafort.com.br\/#website\"},\"datePublished\":\"2023-08-27T18:02:57+00:00\",\"dateModified\":\"2023-08-27T18:06:30+00:00\",\"breadcrumb\":{\"@id\":\"https:\/\/midiafort.com.br\/?page_id=669#breadcrumb\"},\"inLanguage\":\"en-US\",\"potentialAction\":[{\"@type\":\"ReadAction\",\"target\":[\"https:\/\/midiafort.com.br\/?page_id=669\"]}]},{\"@type\":\"BreadcrumbList\",\"@id\":\"https:\/\/midiafort.com.br\/?page_id=669#breadcrumb\",\"itemListElement\":[{\"@type\":\"ListItem\",\"position\":1,\"name\":\"Home\",\"item\":\"https:\/\/midiafort.com.br\/\"},{\"@type\":\"ListItem\",\"position\":2,\"name\":\"Web Design\"}]},{\"@type\":\"WebSite\",\"@id\":\"https:\/\/midiafort.com.br\/#website\",\"url\":\"https:\/\/midiafort.com.br\/\",\"name\":\"\",\"description\":\"\",\"potentialAction\":[{\"@type\":\"SearchAction\",\"target\":{\"@type\":\"EntryPoint\",\"urlTemplate\":\"https:\/\/midiafort.com.br\/?s={search_term_string}\"},\"query-input\":\"required name=search_term_string\"}],\"inLanguage\":\"en-US\"}]}<\/script>\n<!-- \/ Yoast SEO plugin. -->","yoast_head_json":{"title":"Web Design -","robots":{"index":"index","follow":"follow","max-snippet":"max-snippet:-1","max-image-preview":"max-image-preview:large","max-video-preview":"max-video-preview:-1"},"canonical":"https:\/\/midiafort.com.br\/?page_id=669","og_locale":"en_US","og_type":"article","og_title":"Web Design -","og_description":"[vc_row][vc_column][vc_text_separator title=&#8221;Web Design&#8221; border_width=&#8221;10&#8243;][\/vc_column][\/vc_row][vc_row][vc_column][vc_column_text]\u00c9 fundamental aproveitar todos os benef\u00edcios e possibilidades que a internet promove para seus usu\u00e1rios. A M\u00eddia Fort est\u00e1 sempre antenada para as novas propostas do mercado, garantindo as melhores solu\u00e7\u00f5es em comunica\u00e7\u00e3o digital para seus clientes.[\/vc_column_text][\/vc_column][\/vc_row][vc_row][vc_column][vc_column_text]:: PACOTE B\u00c1SICO[\/vc_column_text][\/vc_column][\/vc_row][vc_row][vc_column][vc_raw_html]JTNDdGFibGUlMjBpZCUzRCUyMnRhYmxlcHJlc3MtNCUyMiUyMGNsYXNzJTNEJTIydGFibGVwcmVzcyUyMHRhYmxlcHJlc3MtaWQtNCUyMiUzRSUwQSUzQ3RoZWFkJTNFJTBBJTNDdHIlMjBjbGFzcyUzRCUyMnJvdy0xJTIwb2RkJTIyJTNFJTBBJTA5JTNDdGglMjBjbGFzcyUzRCUyMmNvbHVtbi0xJTIyJTNFREVTQ1JJJUMzJTg3JUMzJTgzTyUzQyUyRnRoJTNFJTNDdGglMjBjbGFzcyUzRCUyMmNvbHVtbi0yJTIyJTNFUVVBTlRJREFERSUzQyUyRnRoJTNFJTBBJTNDJTJGdHIlM0UlMEElM0MlMkZ0aGVhZCUzRSUwQSUzQ3Rib2R5JTIwY2xhc3MlM0QlMjJyb3ctaG92ZXIlMjIlM0UlMEElM0N0ciUyMGNsYXNzJTNEJTIycm93LTIlMjBldmVuJTIyJTNFJTBBJTA5JTNDdGQlMjBjbGFzcyUzRCUyMmNvbHVtbi0xJTIyJTNFRG9tJUMzJUFEbmlvJTNDJTJGdGQlM0UlM0N0ZCUyMGNsYXNzJTNEJTIyY29sdW1uLTIlMjIlM0UwMSUyMHVuaWRhZGUlM0MlMkZ0ZCUzRSUwQSUzQyUyRnRyJTNFJTBBJTNDdHIlMjBjbGFzcyUzRCUyMnJvdy0zJTIwb2RkJTIyJTNFJTBBJTA5JTNDdGQlMjBjbGFzcyUzRCUyMmNvbHVtbi0xJTIyJTNFSG9zcGVkYWdlbSUzQyUyRnRkJTNFJTNDdGQlMjBjbGFzcyUzRCUyMmNvbHVtbi0yJTIyJTNFMDElMjB1bmlkYWRlJTNDJTJGdGQlM0UlMEElM0MlMkZ0ciUzRSUwQSUzQ3RyJTIwY2xhc3MlM0QlMjJyb3ctNCUyMGV2ZW4lMjIlM0UlMEElMDklM0N0ZCUyMGNsYXNzJTNEJTIyY29sdW1uLTElMjIlM0VDb25mZWMlQzMlQTclQzMlQTNvJTIwZG8lMjBMYXlvdXQlM0MlMkZ0ZCUzRSUzQ3RkJTIwY2xhc3MlM0QlMjJjb2x1bW4tMiUyMiUzRWdyJUMzJUExdGlzJTNDJTJGdGQlM0UlMEElM0MlMkZ0ciUzRSUwQSUzQ3RyJTIwY2xhc3MlM0QlMjJyb3ctNSUyMG9kZCUyMiUzRSUwQSUwOSUzQ3RkJTIwY2xhc3MlM0QlMjJjb2x1bW4tMSUyMiUzRURlc2Vudm9sdmltZW50byUyRkN1c3RvbWl6YSVDMyVBNyVDMyVBM28lM0MlMkZ0ZCUzRSUzQ3RkJTIwY2xhc3MlM0QlMjJjb2x1bW4tMiUyMiUzRWdyJUMzJUExdGlzJTNDJTJGdGQlM0UlMEElM0MlMkZ0ciUzRSUwQSUzQ3RyJTIwY2xhc3MlM0QlMjJyb3ctNiUyMGV2ZW4lMjIlM0UlMEElMDklM0N0ZCUyMGNsYXNzJTNEJTIyY29sdW1uLTElMjIlM0VCYWNrdXAlM0MlMkZ0ZCUzRSUzQ3RkJTIwY2xhc3MlM0QlMjJjb2x1bW4tMiUyMiUzRTAxJTIwdW5pZGFkZSUzQyUyRnRkJTNFJTBBJTNDJTJGdHIlM0UlMEElM0N0ciUyMGNsYXNzJTNEJTIycm93LTclMjBvZGQlMjIlM0UlMEElMDklM0N0ZCUyMGNsYXNzJTNEJTIyY29sdW1uLTElMjIlM0VTRU8lMkZHb29nbGUlM0MlMkZ0ZCUzRSUzQ3RkJTIwY2xhc3MlM0QlMjJjb2x1bW4tMiUyMiUzRWdyJUMzJUExdGlzJTNDJTJGdGQlM0UlMEElM0MlMkZ0ciUzRSUwQSUzQ3RyJTIwY2xhc3MlM0QlMjJyb3ctOCUyMGV2ZW4lMjIlM0UlMEElMDklM0N0ZCUyMGNsYXNzJTNEJTIyY29sdW1uLTElMjIlM0VUcmVpbmFtZW50byUzQyUyRnRkJTNFJTNDdGQlMjBjbGFzcyUzRCUyMmNvbHVtbi0yJTIyJTNFZ3IlQzMlQTF0aXMlM0MlMkZ0ZCUzRSUwQSUzQyUyRnRyJTNFJTBBJTNDdHIlMjBjbGFzcyUzRCUyMnJvdy05JTIwb2RkJTIyJTNFJTBBJTA5JTNDdGQlMjBjbGFzcyUzRCUyMmNvbHVtbi0xJTIyJTNFTWFudXRlbiVDMyVBNyVDMyVBM28lMjBwcmV2ZW50aXZhJTNDJTJGdGQlM0UlM0N0ZCUyMGNsYXNzJTNEJTIyY29sdW1uLTIlMjIlM0UwNCUyMHBvciUyMG0lQzMlQUFzJTNDJTJGdGQlM0UlMEElM0MlMkZ0ciUzRSUwQSUzQyUyRnRib2R5JTNFJTBBJTNDJTJGdGFibGUlM0U=[\/vc_raw_html][\/vc_column][\/vc_row]","og_url":"https:\/\/midiafort.com.br\/?page_id=669","article_modified_time":"2023-08-27T18:06:30+00:00","twitter_card":"summary_large_image","schema":{"@context":"https:\/\/schema.org","@graph":[{"@type":"WebPage","@id":"https:\/\/midiafort.com.br\/?page_id=669","url":"https:\/\/midiafort.com.br\/?page_id=669","name":"Web Design -","isPartOf":{"@id":"https:\/\/midiafort.com.br\/#website"},"datePublished":"2023-08-27T18:02:57+00:00","dateModified":"2023-08-27T18:06:30+00:00","breadcrumb":{"@id":"https:\/\/midiafort.com.br\/?page_id=669#breadcrumb"},"inLanguage":"en-US","potentialAction":[{"@type":"ReadAction","target":["https:\/\/midiafort.com.br\/?page_id=669"]}]},{"@type":"BreadcrumbList","@id":"https:\/\/midiafort.com.br\/?page_id=669#breadcrumb","itemListElement":[{"@type":"ListItem","position":1,"name":"Home","item":"https:\/\/midiafort.com.br\/"},{"@type":"ListItem","position":2,"name":"Web Design"}]},{"@type":"WebSite","@id":"https:\/\/midiafort.com.br\/#website","url":"https:\/\/midiafort.com.br\/","name":"","description":"","potentialAction":[{"@type":"SearchAction","target":{"@type":"EntryPoint","urlTemplate":"https:\/\/midiafort.com.br\/?s={search_term_string}"},"query-input":"required name=search_term_string"}],"inLanguage":"en-US"}]}},"_links":{"self":[{"href":"https:\/\/midiafort.com.br\/index.php?rest_route=\/wp\/v2\/pages\/669","targetHints":{"allow":["GET"]}}],"collection":[{"href":"https:\/\/midiafort.com.br\/index.php?rest_route=\/wp\/v2\/pages"}],"about":[{"href":"https:\/\/midiafort.com.br\/index.php?rest_route=\/wp\/v2\/types\/page"}],"author":[{"embeddable":true,"href":"https:\/\/midiafort.com.br\/index.php?rest_route=\/wp\/v2\/users\/1"}],"replies":[{"embeddable":true,"href":"https:\/\/midiafort.com.br\/index.php?rest_route=%2Fwp%2Fv2%2Fcomments&post=669"}],"version-history":[{"count":2,"href":"https:\/\/midiafort.com.br\/index.php?rest_route=\/wp\/v2\/pages\/669\/revisions"}],"predecessor-version":[{"id":671,"href":"https:\/\/midiafort.com.br\/index.php?rest_route=\/wp\/v2\/pages\/669\/revisions\/671"}],"wp:attachment":[{"href":"https:\/\/midiafort.com.br\/index.php?rest_route=%2Fwp%2Fv2%2Fmedia&parent=669"}],"curies":[{"name":"wp","href":"https:\/\/api.w.org\/{rel}","templated":true}]}}